{"id":11762,"date":"2025-05-11T17:24:31","date_gmt":"2025-05-11T17:24:31","guid":{"rendered":"https:\/\/hoptodate.com\/partners\/"},"modified":"2025-05-11T19:12:38","modified_gmt":"2025-05-11T19:12:38","slug":"partenaires","status":"publish","type":"page","link":"https:\/\/hoptodate.com\/fr-be\/partenaires\/","title":{"rendered":"Partners"},"content":{"rendered":"<div class=\"wpb-content-wrapper\">[vc_row pix_particles_check=&#8221;&#8221;][vc_column]<div  class=\"pix-heading-el text-left \"><h1 class=\"text-heading-default font-weight-bold h1 heading-text el-title_custom_color mb-12\" style=\"\" data-anim-type=\"\" data-anim-delay=\"0\">Partenaires<\/h1><\/div>[vc_column_text css=&#8221;&#8221;]\r\n<p>Chez HopToDate, nous croyons en la <strong>force de la collaboration locale<\/strong>. Gr\u00e2ce \u00e0 <strong>nos partenaires en Wallonie<\/strong>, nous organisons des <strong>speed datings chaleureux<\/strong> et des <strong>\u00e9v\u00e9nements pour c\u00e9libataires accessibles<\/strong> dans toute la r\u00e9gion. Qu\u2019il s\u2019agisse de lieux accueillants, d\u2019outils innovants ou de concepts originaux \u2013 nos partenaires wallons rendent chaque rencontre sp\u00e9ciale. Ensemble, nous cr\u00e9ons des exp\u00e9riences authentiques pour les c\u00e9libataires francophones en Belgique.<\/p>\r\n[\/vc_column_text][\/vc_column][\/vc_row]\r\n<\/div>","protected":false},"excerpt":{"rendered":"[vc_row pix_particles_check=&#8221;&#8221;][vc_column][vc_column_text css=&#8221;&#8221;] Chez HopToDate, nous croyons en la force de la collaboration locale. Gr\u00e2ce \u00e0 nos partenaires en Wallonie, nous organisons des speed datings chaleureux et des \u00e9v\u00e9nements pour c\u00e9libataires accessibles dans toute la r\u00e9gion. Qu\u2019il s\u2019agisse de lieux&#8230;","protected":false},"author":3,"featured_media":0,"parent":0,"menu_order":0,"comment_status":"closed","ping_status":"closed","template":"","meta":{"footnotes":""},"class_list":["post-11762","page","type-page","status-publish","hentry"],"yoast_head":"<!-- This site is optimized with the Yoast SEO plugin v27.2 - https:\/\/yoast.com\/product\/yoast-seo-wordpress\/ -->\n<title>Partenaires de HopToDate | Des \u00e9v\u00e9nements uniques pour c\u00e9libataires<\/title>\n<meta name=\"description\" content=\"D\u00e9couvrez comment HopToDate collabore avec ses partenaires wallons pour organiser des speed datings accessibles et authentiques partout en Wallonie.\" \/>\n<meta name=\"robots\" content=\"index, follow, max-snippet:-1, max-image-preview:large, max-video-preview:-1\" \/>\n<link rel=\"canonical\" href=\"https:\/\/hoptodate.com\/fr-be\/partenaires\/\" \/>\n<meta property=\"og:locale\" content=\"fr_FR\" \/>\n<meta property=\"og:type\" content=\"article\" \/>\n<meta property=\"og:title\" content=\"Partenaires de HopToDate | Des \u00e9v\u00e9nements uniques pour c\u00e9libataires\" \/>\n<meta property=\"og:description\" content=\"D\u00e9couvrez comment HopToDate collabore avec ses partenaires wallons pour organiser des speed datings accessibles et authentiques partout en Wallonie.\" \/>\n<meta property=\"og:url\" content=\"https:\/\/hoptodate.com\/fr-be\/partenaires\/\" \/>\n<meta property=\"og:site_name\" content=\"HopToDate\" \/>\n<meta property=\"article:modified_time\" content=\"2025-05-11T19:12:38+00:00\" \/>\n<meta name=\"twitter:card\" content=\"summary_large_image\" \/>\n<meta name=\"twitter:label1\" content=\"Est. reading time\" \/>\n\t<meta name=\"twitter:data1\" content=\"1 minute\" \/>\n<script type=\"application\/ld+json\" class=\"yoast-schema-graph\">{\"@context\":\"https:\/\/schema.org\",\"@graph\":[{\"@type\":\"WebPage\",\"@id\":\"https:\/\/hoptodate.com\/fr-be\/partenaires\/\",\"url\":\"https:\/\/hoptodate.com\/fr-be\/partenaires\/\",\"name\":\"Partenaires de HopToDate | Des \u00e9v\u00e9nements uniques pour c\u00e9libataires\",\"isPartOf\":{\"@id\":\"https:\/\/hoptodate.com\/fr-be\/#website\"},\"datePublished\":\"2025-05-11T17:24:31+00:00\",\"dateModified\":\"2025-05-11T19:12:38+00:00\",\"description\":\"D\u00e9couvrez comment HopToDate collabore avec ses partenaires wallons pour organiser des speed datings accessibles et authentiques partout en Wallonie.\",\"breadcrumb\":{\"@id\":\"https:\/\/hoptodate.com\/fr-be\/partenaires\/#breadcrumb\"},\"inLanguage\":\"fr-be\",\"potentialAction\":[{\"@type\":\"ReadAction\",\"target\":[\"https:\/\/hoptodate.com\/fr-be\/partenaires\/\"]}]},{\"@type\":\"BreadcrumbList\",\"@id\":\"https:\/\/hoptodate.com\/fr-be\/partenaires\/#breadcrumb\",\"itemListElement\":[{\"@type\":\"ListItem\",\"position\":1,\"name\":\"Home\",\"item\":\"https:\/\/hoptodate.com\/fr-be\/\"},{\"@type\":\"ListItem\",\"position\":2,\"name\":\"Partners\"}]},{\"@type\":\"WebSite\",\"@id\":\"https:\/\/hoptodate.com\/fr-be\/#website\",\"url\":\"https:\/\/hoptodate.com\/fr-be\/\",\"name\":\"hoptodate\",\"description\":\"Speeddaten, barhoppen, datingsite-app, Singleborrels met HopToDate\",\"publisher\":{\"@id\":\"https:\/\/hoptodate.com\/fr-be\/#organization\"},\"potentialAction\":[{\"@type\":\"SearchAction\",\"target\":{\"@type\":\"EntryPoint\",\"urlTemplate\":\"https:\/\/hoptodate.com\/fr-be\/?s={search_term_string}\"},\"query-input\":{\"@type\":\"PropertyValueSpecification\",\"valueRequired\":true,\"valueName\":\"search_term_string\"}}],\"inLanguage\":\"fr-be\"},{\"@type\":\"Organization\",\"@id\":\"https:\/\/hoptodate.com\/fr-be\/#organization\",\"name\":\"hoptodate\",\"url\":\"https:\/\/hoptodate.com\/fr-be\/\",\"logo\":{\"@type\":\"ImageObject\",\"inLanguage\":\"fr-be\",\"@id\":\"https:\/\/hoptodate.com\/fr-be\/#\/schema\/logo\/image\/\",\"url\":\"https:\/\/hoptodate.com\/wp-content\/uploads\/2022\/09\/HTDlogo.png\",\"contentUrl\":\"https:\/\/hoptodate.com\/wp-content\/uploads\/2022\/09\/HTDlogo.png\",\"width\":1920,\"height\":500,\"caption\":\"hoptodate\"},\"image\":{\"@id\":\"https:\/\/hoptodate.com\/fr-be\/#\/schema\/logo\/image\/\"}}]}<\/script>\n<!-- \/ Yoast SEO plugin. -->","yoast_head_json":{"title":"Partenaires de HopToDate | Des \u00e9v\u00e9nements uniques pour c\u00e9libataires","description":"D\u00e9couvrez comment HopToDate collabore avec ses partenaires wallons pour organiser des speed datings accessibles et authentiques partout en Wallonie.","robots":{"index":"index","follow":"follow","max-snippet":"max-snippet:-1","max-image-preview":"max-image-preview:large","max-video-preview":"max-video-preview:-1"},"canonical":"https:\/\/hoptodate.com\/fr-be\/partenaires\/","og_locale":"fr_FR","og_type":"article","og_title":"Partenaires de HopToDate | Des \u00e9v\u00e9nements uniques pour c\u00e9libataires","og_description":"D\u00e9couvrez comment HopToDate collabore avec ses partenaires wallons pour organiser des speed datings accessibles et authentiques partout en Wallonie.","og_url":"https:\/\/hoptodate.com\/fr-be\/partenaires\/","og_site_name":"HopToDate","article_modified_time":"2025-05-11T19:12:38+00:00","twitter_card":"summary_large_image","twitter_misc":{"Est. reading time":"1 minute"},"schema":{"@context":"https:\/\/schema.org","@graph":[{"@type":"WebPage","@id":"https:\/\/hoptodate.com\/fr-be\/partenaires\/","url":"https:\/\/hoptodate.com\/fr-be\/partenaires\/","name":"Partenaires de HopToDate | Des \u00e9v\u00e9nements uniques pour c\u00e9libataires","isPartOf":{"@id":"https:\/\/hoptodate.com\/fr-be\/#website"},"datePublished":"2025-05-11T17:24:31+00:00","dateModified":"2025-05-11T19:12:38+00:00","description":"D\u00e9couvrez comment HopToDate collabore avec ses partenaires wallons pour organiser des speed datings accessibles et authentiques partout en Wallonie.","breadcrumb":{"@id":"https:\/\/hoptodate.com\/fr-be\/partenaires\/#breadcrumb"},"inLanguage":"fr-be","potentialAction":[{"@type":"ReadAction","target":["https:\/\/hoptodate.com\/fr-be\/partenaires\/"]}]},{"@type":"BreadcrumbList","@id":"https:\/\/hoptodate.com\/fr-be\/partenaires\/#breadcrumb","itemListElement":[{"@type":"ListItem","position":1,"name":"Home","item":"https:\/\/hoptodate.com\/fr-be\/"},{"@type":"ListItem","position":2,"name":"Partners"}]},{"@type":"WebSite","@id":"https:\/\/hoptodate.com\/fr-be\/#website","url":"https:\/\/hoptodate.com\/fr-be\/","name":"hoptodate","description":"Speeddaten, barhoppen, datingsite-app, Singleborrels met HopToDate","publisher":{"@id":"https:\/\/hoptodate.com\/fr-be\/#organization"},"potentialAction":[{"@type":"SearchAction","target":{"@type":"EntryPoint","urlTemplate":"https:\/\/hoptodate.com\/fr-be\/?s={search_term_string}"},"query-input":{"@type":"PropertyValueSpecification","valueRequired":true,"valueName":"search_term_string"}}],"inLanguage":"fr-be"},{"@type":"Organization","@id":"https:\/\/hoptodate.com\/fr-be\/#organization","name":"hoptodate","url":"https:\/\/hoptodate.com\/fr-be\/","logo":{"@type":"ImageObject","inLanguage":"fr-be","@id":"https:\/\/hoptodate.com\/fr-be\/#\/schema\/logo\/image\/","url":"https:\/\/hoptodate.com\/wp-content\/uploads\/2022\/09\/HTDlogo.png","contentUrl":"https:\/\/hoptodate.com\/wp-content\/uploads\/2022\/09\/HTDlogo.png","width":1920,"height":500,"caption":"hoptodate"},"image":{"@id":"https:\/\/hoptodate.com\/fr-be\/#\/schema\/logo\/image\/"}}]}},"_links":{"self":[{"href":"https:\/\/hoptodate.com\/fr-be\/wp-json\/wp\/v2\/pages\/11762","targetHints":{"allow":["GET"]}}],"collection":[{"href":"https:\/\/hoptodate.com\/fr-be\/wp-json\/wp\/v2\/pages"}],"about":[{"href":"https:\/\/hoptodate.com\/fr-be\/wp-json\/wp\/v2\/types\/page"}],"author":[{"embeddable":true,"href":"https:\/\/hoptodate.com\/fr-be\/wp-json\/wp\/v2\/users\/3"}],"replies":[{"embeddable":true,"href":"https:\/\/hoptodate.com\/fr-be\/wp-json\/wp\/v2\/comments?post=11762"}],"version-history":[{"count":2,"href":"https:\/\/hoptodate.com\/fr-be\/wp-json\/wp\/v2\/pages\/11762\/revisions"}],"predecessor-version":[{"id":11768,"href":"https:\/\/hoptodate.com\/fr-be\/wp-json\/wp\/v2\/pages\/11762\/revisions\/11768"}],"wp:attachment":[{"href":"https:\/\/hoptodate.com\/fr-be\/wp-json\/wp\/v2\/media?parent=11762"}],"curies":[{"name":"wp","href":"https:\/\/api.w.org\/{rel}","templated":true}]}}