{"id":5447,"date":"2022-05-03T11:05:40","date_gmt":"2022-05-03T11:05:40","guid":{"rendered":"https:\/\/hoptodate.com\/event\/"},"modified":"2025-03-02T13:52:27","modified_gmt":"2025-03-02T13:52:27","slug":"event","status":"publish","type":"page","link":"https:\/\/hoptodate.com\/fr-be\/event\/","title":{"rendered":"Calendrier"},"content":{"rendered":"<div class=\"wpb-content-wrapper\">[vc_section full_width=&#8221;stretch_row&#8221; pix_over_visibility=&#8221;&#8221; css=&#8221;.vc_custom_1717182659589{padding-top: 5% !important;padding-bottom: 5% !important;background-color: #ffffff !important;}&#8221; el_id=&#8221;events&#8221;][vc_row content_placement=&#8221;middle&#8221; pix_particles_check=&#8221;&#8221; css=&#8221;.vc_custom_1647095614284{padding-bottom: 40px !important;}&#8221;][vc_column width=&#8221;3\/4&#8243;]<div class=\"pix-element-div w-100 text-left\"><span class=\"pix-badge-element h6 d-inline-flex mr-1 animate-in\" data-anim-type=\"fade-in-up\" data-anim-delay=\"0\"><span class=\"badge font-weight-bold bg-primary  vc_custom_1724185642309  \" style=\" \"><span class=\"text-white\" style=\"\">Calendrier des \u00c9v\u00e9nements<\/span><\/span><\/span><\/div><div id=\"el1649147117175-8a8ef1f0-557a\" class=\"mb-3 text-left \"><h3 class=\"mb-32 pix-sliding-headline-2 animate-in font-weight-bold secondary-font \" data-anim-type=\"pix-sliding-text\" pix-anim-delay=\"500\" data-class=\"secondary-font text-heading-default\" style=\"\"><span class=\"slide-in-container \"><span class=\"pix-sliding-item secondary-font text-heading-default\" style=\"transition-delay: 0ms;\">Trouve&#32;<\/span><\/span> <span class=\"slide-in-container \"><span class=\"pix-sliding-item secondary-font text-heading-default\" style=\"transition-delay: 150ms;\">ton&#32;<\/span><\/span> <span class=\"slide-in-container \"><span class=\"pix-sliding-item secondary-font text-heading-default\" style=\"transition-delay: 300ms;\">prochain&#32;<\/span><\/span> <span class=\"slide-in-container \"><span class=\"pix-sliding-item secondary-font text-heading-default\" style=\"transition-delay: 450ms;\">\u00e9v\u00e9nement&#32;<\/span><\/span> <span class=\"slide-in-container \"><span class=\"pix-sliding-item secondary-font text-heading-default\" style=\"transition-delay: 600ms;\">pour&#32;<\/span><\/span> <span class=\"slide-in-container \"><span class=\"pix-sliding-item secondary-font text-heading-default\" style=\"transition-delay: 750ms;\">c\u00e9libataires&#32;<\/span><\/span> <\/h3><\/div><div class=\"pix-el-text w-100  \" ><p class=\"  text-black  \" ><span class=\"text-black animate-in d-inline-block\" data-anim-delay=\"400\" data-anim-type=\"fade-in-up\">D\u00e9couvre nos \u00e9v\u00e9nements pour c\u00e9libataires \u00e0 travers la Belgique et au-del\u00e0. Class\u00e9s par date, ils t&#8217;offrent des informations pr\u00e9cises sur la localisation, les tranches d\u2019\u00e2ge et les types de participants, que ce soit pour des soir\u00e9es speed dating, des barhoppings ou d&#8217;autres activit\u00e9s conviviales.<\/span><\/p><\/div>[\/vc_column][vc_column width=&#8221;1\/4&#8243;]<div class=\"d-block w-100 text-right\"><a  href=\"#fonctionnement\" class=\"btn mb-2     btn-underline-gray-7 d-inline-flex align-items-center pix-hover-item  no-padding   secondary-font  animate-in pix-btn-div btn-md\"   data-anim-type=\"fade-in-left\" data-anim-delay=\"600\" ><svg class=\"pixfort-icon font-weight-bold  pix-hover-left  mr-2\" width=\"24\" height=\"24\"  data-name=\"Line\/pixfort-icon-arrow-right-2\" viewBox=\"2 2 20 20\"><polyline fill=\"none\" stroke=\"var(--pf-icon-color)\" stroke-linecap=\"round\" stroke-linejoin=\"round\" stroke-width=\"var(--pf-icon-stroke-width)\" points=\"9.5 17 14.5 12 9.5 7\"\/><\/svg><span class=\"font-weight-bold \" >D\u00e9couvre comment \u00e7a marche?<\/span><\/a><\/div>[\/vc_column][\/vc_row][vc_row pix_particles_check=&#8221;&#8221;][vc_column][vc_raw_html css=&#8221;&#8221;]JTVCY2FsbF9ob21lX2V2ZW50cyU1RA==[\/vc_raw_html][\/vc_column][\/vc_row][\/vc_section][vc_section full_width=&#8221;stretch_row&#8221; pix_over_visibility=&#8221;&#8221; pix_visibility=&#8221;1&#8243; css=&#8221;.vc_custom_1740923276399{padding-top: 5% !important;padding-bottom: 10% !important;background-color: #ffffff !important;}&#8221; el_id=&#8221;fonctionnement&#8221;][vc_row content_placement=&#8221;middle&#8221; pix_particles_check=&#8221;&#8221;][vc_column css=&#8221;.vc_custom_1590548076980{padding-right: 30px !important;padding-left: 30px !important;}&#8221;]<div class=\"pix-element-div w-100 text-center\"><span class=\"pix-badge-element h6 d-inline-flex mr-1 animate-in\" data-anim-type=\"fade-in-up\" data-anim-delay=\"0\"><span class=\"badge font-weight-bold secondary-font bg-secondary  vc_custom_1714824921973  \" style=\" \"><span class=\"text-white\" style=\"\">Comment s'inscrire?<\/span><\/span><\/span><\/div><div id=\"el1646945404180-0a1ddd92-7ae5\" class=\"mb-3 text-center  vc_custom_1714829875605\"><div class=\"d-inline-block\" style=\"max-width:80%;\"><h3 class=\"mb-32 pix-sliding-headline-2 animate-in font-weight-bold secondary-font \" data-anim-type=\"pix-sliding-text\" pix-anim-delay=\"500\" data-class=\"secondary-font text-heading-default\" style=\"\"><span class=\"slide-in-container \"><span class=\"pix-sliding-item secondary-font text-heading-default\" style=\"transition-delay: 0ms;\">L'inscription&#32;<\/span><\/span> <span class=\"slide-in-container \"><span class=\"pix-sliding-item secondary-font text-heading-default\" style=\"transition-delay: 150ms;\">sur&#32;<\/span><\/span> <span class=\"slide-in-container \"><span class=\"pix-sliding-item secondary-font text-heading-default\" style=\"transition-delay: 300ms;\">Hoptodate&#32;<\/span><\/span> <span class=\"slide-in-container \"><span class=\"pix-sliding-item secondary-font text-heading-default\" style=\"transition-delay: 450ms;\">est&#32;<\/span><\/span> <span class=\"slide-in-container \"><span class=\"pix-sliding-item secondary-font text-heading-default\" style=\"transition-delay: 600ms;\">facile&#32;<\/span><\/span> <span class=\"slide-in-container \"><span class=\"pix-sliding-item secondary-font text-heading-default\" style=\"transition-delay: 750ms;\">et&#32;<\/span><\/span> <span class=\"slide-in-container \"><span class=\"pix-sliding-item secondary-font text-heading-default\" style=\"transition-delay: 900ms;\">s\u00e9curis\u00e9e.&#32;<\/span><\/span> <\/h3><\/div><\/div>[\/vc_column][\/vc_row][vc_row pix_particles_check=&#8221;&#8221;][vc_column width=&#8221;1\/3&#8243;]<div id=\"duo-icon-70113962\" class=\"pix-icon text-center \"><div class=\"pix-icon-bg feature_img d-inline-block  \"   style=\"width:68px;height:68px;position:relative;line-height:68px;text-align:center;\"><span style=\"font-size:68px;line-height:68px;\" class=\"text-primary d-inline-flex align-middle\"><svg class=\"pixfort-icon \" width=\"68\" height=\"68\"  data-name=\"Duotone\/pixfort-icon-clipboard-text-1\" viewBox=\"2 2 20 20\"><g fill=\"none\" fill-rule=\"evenodd\"><path fill=\"var(--pf-icon-color)\" fill-opacity=\".25\" d=\"M7.12599558,4.0000851 C7.04374524,4.3196794 7,4.65473108 7,5 C7,7.209139 8.790861,9 11,9 L13,9 C15.209139,9 17,7.209139 17,5 C17,4.65473108 16.9562548,4.3196794 16.8740044,4.0000851 L17,4 C18.6568542,4 20,5.34314575 20,7 L20,19 C20,20.6568542 18.6568542,22 17,22 L7,22 C5.34314575,22 4,20.6568542 4,19 L4,7 C4,5.34314575 5.34314575,4 7,4 Z\"\/><path fill=\"var(--pf-icon-color)\" d=\"M13,2 L11,2 C9.34314575,2 8,3.34314575 8,5 C8,6.65685425 9.34314575,8 11,8 L13,8 C14.6568542,8 16,6.65685425 16,5 C16,3.34314575 14.6568542,2 13,2 Z M13,4 C13.5522847,4 14,4.44771525 14,5 C14,5.55228475 13.5522847,6 13,6 L11,6 C10.4477153,6 10,5.55228475 10,5 C10,4.44771525 10.4477153,4 11,4 L13,4 Z M15,10 C15.5522847,10 16,10.4477153 16,11 C16,11.5522847 15.5522847,12 15,12 L9,12 C8.44771525,12 8,11.5522847 8,11 C8,10.4477153 8.44771525,10 9,10 L15,10 Z M15,13 C15.5522847,13 16,13.4477153 16,14 C16,14.5522847 15.5522847,15 15,15 L9,15 C8.44771525,15 8,14.5522847 8,14 C8,13.4477153 8.44771525,13 9,13 L15,13 Z M11,16 C11.5522847,16 12,16.4477153 12,17 C12,17.5522847 11.5522847,18 11,18 L9,18 C8.44771525,18 8,17.5522847 8,17 C8,16.4477153 8.44771525,16 9,16 L11,16 Z\"\/><\/g><\/svg><\/span><\/div><\/div><div id=\"el1714826245527-dca5e570-02e0\" class=\"mb-3 text-center  vc_custom_1718915882397\"><h5 class=\"mb-32 pix-sliding-headline-2 animate-in font-weight-bold secondary-font \" data-anim-type=\"pix-sliding-text\" pix-anim-delay=\"500\" data-class=\"secondary-font text-heading-default\" style=\"\"><span class=\"slide-in-container \"><span class=\"pix-sliding-item secondary-font text-heading-default\" style=\"transition-delay: 0ms;\">1.&#32;<\/span><\/span> <span class=\"slide-in-container \"><span class=\"pix-sliding-item secondary-font text-heading-default\" style=\"transition-delay: 150ms;\">Inscription&#32;<\/span><\/span> <span class=\"slide-in-container \"><span class=\"pix-sliding-item secondary-font text-heading-default\" style=\"transition-delay: 300ms;\">Personnelle&#32;<\/span><\/span> <\/h5><\/div><div class=\"pix-el-text w-100 text-center  vc_custom_1714827879206\" ><p class=\"text-18  text-body-default text-center \" ><span class=\"text-body-default animate-in d-inline-block\" data-anim-delay=\"500\" data-anim-type=\"fade-in-up\">Remplis le formulaire avec tes informations personnelles.<\/span><\/p><\/div>[\/vc_column][vc_column width=&#8221;1\/3&#8243;]<div id=\"duo-icon-10430657\" class=\"pix-icon text-center \"><div class=\"pix-icon-bg feature_img d-inline-block  \"   style=\"width:68px;height:68px;position:relative;line-height:68px;text-align:center;\"><span style=\"font-size:68px;line-height:68px;\" class=\"text-primary d-inline-flex align-middle\"><svg class=\"pixfort-icon \" width=\"68\" height=\"68\"  data-name=\"Duotone\/pixfort-icon-cocktail-glass-1\" viewBox=\"2 2 20 20\"><g fill=\"none\" fill-rule=\"evenodd\"><path fill=\"var(--pf-icon-color)\" fill-opacity=\".25\" d=\"M9,21 C8.44771525,21 8,20.5522847 8,20 C8,19.4477153 8.44771525,19 9,19 L11,19 L11,12 C11,11.4477153 11.4477153,11 12,11 C12.5522847,11 13,11.4477153 13,12 L13,19 L15,19 C15.5522847,19 16,19.4477153 16,20 C16,20.5522847 15.5522847,21 15,21 L9,21 Z\"\/><path fill=\"var(--pf-icon-color)\" d=\"M19,3 L5,3 C4.14084119,3 3.68166327,4.01192171 4.24742331,4.65850461 L11.2474233,12.6585046 C11.6458346,13.1138318 12.3541654,13.1138318 12.7525767,12.6585046 L19.7525767,4.65850461 C20.3183367,4.01192171 19.8591588,3 19,3 Z\"\/><\/g><\/svg><\/span><\/div><\/div><div id=\"el1714827918394-547af733-97a2\" class=\"mb-3 text-center  vc_custom_1718915896977\"><h5 class=\"mb-32 pix-sliding-headline-2 animate-in font-weight-bold secondary-font \" data-anim-type=\"pix-sliding-text\" pix-anim-delay=\"500\" data-class=\"secondary-font text-heading-default\" style=\"\"><span class=\"slide-in-container \"><span class=\"pix-sliding-item secondary-font text-heading-default\" style=\"transition-delay: 0ms;\">2.&#32;<\/span><\/span> <span class=\"slide-in-container \"><span class=\"pix-sliding-item secondary-font text-heading-default\" style=\"transition-delay: 150ms;\">S\u00e9lection&#32;<\/span><\/span> <span class=\"slide-in-container \"><span class=\"pix-sliding-item secondary-font text-heading-default\" style=\"transition-delay: 300ms;\">de&#32;<\/span><\/span> <span class=\"slide-in-container \"><span class=\"pix-sliding-item secondary-font text-heading-default\" style=\"transition-delay: 450ms;\">l'\u00c9v\u00e9nement&#32;<\/span><\/span> <\/h5><\/div><div class=\"pix-el-text w-100 text-center  vc_custom_1714828074275\" ><p class=\"text-18  text-body-default text-center \" ><span class=\"text-body-default animate-in d-inline-block\" data-anim-delay=\"500\" data-anim-type=\"fade-in-up\">Choisis ton \u00e9v\u00e9nement et la date sur notre calendrier.<\/span><\/p><\/div>[\/vc_column][vc_column width=&#8221;1\/3&#8243;]<div id=\"duo-icon-58642380\" class=\"pix-icon text-center \"><div class=\"pix-icon-bg feature_img d-inline-block  \"   style=\"width:68px;height:68px;position:relative;line-height:68px;text-align:center;\"><span style=\"font-size:68px;line-height:68px;\" class=\"text-primary d-inline-flex align-middle\"><svg class=\"pixfort-icon \" width=\"68\" height=\"68\"  data-name=\"Duotone\/pixfort-icon-wallet-1\" viewBox=\"2 2 20 20\"><g fill=\"none\" fill-rule=\"evenodd\"><path fill=\"var(--pf-icon-color)\" fill-opacity=\".25\" d=\"M18.5,4 C19.8807119,4 21,5.11928813 21,6.5 L21.0010128,8.73301701 C20.6301655,8.58275345 20.2247468,8.5 19.8,8.5 L17.2,8.5 C16.3163444,8.5 15.5163444,8.85817221 14.9372583,9.43725831 C14.3581722,10.0163444 14,10.8163444 14,11.7 L14,12.3 C14,13.1836556 14.3581722,13.9836556 14.9372583,14.5627417 C15.5163444,15.1418278 16.3163444,15.5 17.2,15.5 L19.8,15.5 C20.2247468,15.5 20.6301655,15.4172466 21.0010128,15.266983 L21,17.5 C21,18.8807119 19.8807119,20 18.5,20 L4.5,20 C3.11928813,20 2,18.8807119 2,17.5 L2,6.5 C2,5.11928813 3.11928813,4 4.5,4 L18.5,4 Z\"\/><path fill=\"var(--pf-icon-color)\" d=\"M19.8,9.5 L17.2,9.5 C15.9849736,9.5 15,10.4849736 15,11.7 L15,12.3 C15,13.5150264 15.9849736,14.5 17.2,14.5 L19.8,14.5 C21.0150264,14.5 22,13.5150264 22,12.3 L22,11.7 C22,10.4849736 21.0150264,9.5 19.8,9.5 Z\"\/><\/g><\/svg><\/span><\/div><\/div><div id=\"el1714827933097-876a9439-e97d\" class=\"mb-3 text-center  vc_custom_1718915907441\"><h5 class=\"mb-32 pix-sliding-headline-2 animate-in font-weight-bold secondary-font \" data-anim-type=\"pix-sliding-text\" pix-anim-delay=\"500\" data-class=\"secondary-font text-heading-default\" style=\"\"><span class=\"slide-in-container \"><span class=\"pix-sliding-item secondary-font text-heading-default\" style=\"transition-delay: 0ms;\">3.&#32;<\/span><\/span> <span class=\"slide-in-container \"><span class=\"pix-sliding-item secondary-font text-heading-default\" style=\"transition-delay: 150ms;\">Paiement&#32;<\/span><\/span> <span class=\"slide-in-container \"><span class=\"pix-sliding-item secondary-font text-heading-default\" style=\"transition-delay: 300ms;\">S\u00e9curis\u00e9&#32;<\/span><\/span> <\/h5><\/div><div class=\"pix-el-text w-100 text-center  vc_custom_1714828081692\" ><p class=\"text-18  text-body-default text-center \" ><span class=\"text-body-default animate-in d-inline-block\" data-anim-delay=\"500\" data-anim-type=\"fade-in-up\">Proc\u00e8de au paiement s\u00e9curis\u00e9 en ligne.<\/span><\/p><\/div>[\/vc_column][vc_column]<div class=\"d-block w-100 text-center\"><a  href=\"#events\" class=\"btn mb-2     btn-primary d-inline-flex align-items-center      pix-btn-div btn-md\"     ><span class=\"font-weight-bold \" >Inscris-toi<\/span><\/a><\/div>[\/vc_column][\/vc_row][\/vc_section]<\/div>","protected":false},"excerpt":{"rendered":"[vc_section full_width=&#8221;stretch_row&#8221; pix_over_visibility=&#8221;&#8221; css=&#8221;.vc_custom_1717182659589{padding-top: 5% !important;padding-bottom: 5% !important;background-color: #ffffff !important;}&#8221; el_id=&#8221;events&#8221;][vc_row content_placement=&#8221;middle&#8221; pix_particles_check=&#8221;&#8221; css=&#8221;.vc_custom_1647095614284{padding-bottom: 40px !important;}&#8221;][vc_column width=&#8221;3\/4&#8243;][\/vc_column][vc_column width=&#8221;1\/4&#8243;][\/vc_column][\/vc_row][vc_row pix_particles_check=&#8221;&#8221;][vc_column][vc_raw_html css=&#8221;&#8221;]JTVCY2FsbF9ob21lX2V2ZW50cyU1RA==[\/vc_raw_html][\/vc_column][\/vc_row][\/vc_section][vc_section full_width=&#8221;stretch_row&#8221; pix_over_visibility=&#8221;&#8221; pix_visibility=&#8221;1&#8243; css=&#8221;.vc_custom_1740923276399{padding-top: 5% !important;padding-bottom: 10% !important;background-color: #ffffff !important;}&#8221; el_id=&#8221;fonctionnement&#8221;][vc_row content_placement=&#8221;middle&#8221; pix_particles_check=&#8221;&#8221;][vc_column css=&#8221;.vc_custom_1590548076980{padding-right: 30px !important;padding-left: 30px !important;}&#8221;][\/vc_column][\/vc_row][vc_row pix_particles_check=&#8221;&#8221;][vc_column width=&#8221;1\/3&#8243;][\/vc_column][vc_column&#8230;","protected":false},"author":1,"featured_media":0,"parent":0,"menu_order":0,"comment_status":"closed","ping_status":"closed","template":"","meta":{"footnotes":""},"class_list":["post-5447","page","type-page","status-publish","hentry"],"yoast_head":"<!-- This site is optimized with the Yoast SEO plugin v27.2 - https:\/\/yoast.com\/product\/yoast-seo-wordpress\/ -->\n<title>\u00c9v\u00e9nements C\u00e9libataires en Belgique - Rencontres Inoubliables<\/title>\n<meta name=\"description\" content=\"Participez aux \u00e9v\u00e9nements pour c\u00e9libataires. Rencontrez d&#039;autres c\u00e9libataires dans une ambiance conviviale et trouvez l&#039;amour pr\u00e8s de chez vous.\" \/>\n<meta name=\"robots\" content=\"index, follow, max-snippet:-1, max-image-preview:large, max-video-preview:-1\" \/>\n<link rel=\"canonical\" href=\"https:\/\/hoptodate.com\/fr-be\/event\/\" \/>\n<meta property=\"og:locale\" content=\"fr_FR\" \/>\n<meta property=\"og:type\" content=\"article\" \/>\n<meta property=\"og:title\" content=\"\u00c9v\u00e9nements C\u00e9libataires en Belgique - Rencontres Inoubliables\" \/>\n<meta property=\"og:description\" content=\"Participez aux \u00e9v\u00e9nements pour c\u00e9libataires. Rencontrez d&#039;autres c\u00e9libataires dans une ambiance conviviale et trouvez l&#039;amour pr\u00e8s de chez vous.\" \/>\n<meta property=\"og:url\" content=\"https:\/\/hoptodate.com\/fr-be\/event\/\" \/>\n<meta property=\"og:site_name\" content=\"HopToDate\" \/>\n<meta property=\"article:modified_time\" content=\"2025-03-02T13:52:27+00:00\" \/>\n<meta name=\"twitter:card\" content=\"summary_large_image\" \/>\n<meta name=\"twitter:label1\" content=\"Est. reading time\" \/>\n\t<meta name=\"twitter:data1\" content=\"2 minutes\" \/>\n<script type=\"application\/ld+json\" class=\"yoast-schema-graph\">{\"@context\":\"https:\/\/schema.org\",\"@graph\":[{\"@type\":\"WebPage\",\"@id\":\"https:\/\/hoptodate.com\/fr-be\/event\/\",\"url\":\"https:\/\/hoptodate.com\/fr-be\/event\/\",\"name\":\"\u00c9v\u00e9nements C\u00e9libataires en Belgique - Rencontres Inoubliables\",\"isPartOf\":{\"@id\":\"https:\/\/hoptodate.com\/fr-be\/#website\"},\"datePublished\":\"2022-05-03T11:05:40+00:00\",\"dateModified\":\"2025-03-02T13:52:27+00:00\",\"description\":\"Participez aux \u00e9v\u00e9nements pour c\u00e9libataires. Rencontrez d'autres c\u00e9libataires dans une ambiance conviviale et trouvez l'amour pr\u00e8s de chez vous.\",\"breadcrumb\":{\"@id\":\"https:\/\/hoptodate.com\/fr-be\/event\/#breadcrumb\"},\"inLanguage\":\"fr-be\",\"potentialAction\":[{\"@type\":\"ReadAction\",\"target\":[\"https:\/\/hoptodate.com\/fr-be\/event\/\"]}]},{\"@type\":\"BreadcrumbList\",\"@id\":\"https:\/\/hoptodate.com\/fr-be\/event\/#breadcrumb\",\"itemListElement\":[{\"@type\":\"ListItem\",\"position\":1,\"name\":\"Home\",\"item\":\"https:\/\/hoptodate.com\/fr-be\/\"},{\"@type\":\"ListItem\",\"position\":2,\"name\":\"Calendrier\"}]},{\"@type\":\"WebSite\",\"@id\":\"https:\/\/hoptodate.com\/fr-be\/#website\",\"url\":\"https:\/\/hoptodate.com\/fr-be\/\",\"name\":\"hoptodate\",\"description\":\"Speeddaten, barhoppen, datingsite-app, Singleborrels met HopToDate\",\"publisher\":{\"@id\":\"https:\/\/hoptodate.com\/fr-be\/#organization\"},\"potentialAction\":[{\"@type\":\"SearchAction\",\"target\":{\"@type\":\"EntryPoint\",\"urlTemplate\":\"https:\/\/hoptodate.com\/fr-be\/?s={search_term_string}\"},\"query-input\":{\"@type\":\"PropertyValueSpecification\",\"valueRequired\":true,\"valueName\":\"search_term_string\"}}],\"inLanguage\":\"fr-be\"},{\"@type\":\"Organization\",\"@id\":\"https:\/\/hoptodate.com\/fr-be\/#organization\",\"name\":\"hoptodate\",\"url\":\"https:\/\/hoptodate.com\/fr-be\/\",\"logo\":{\"@type\":\"ImageObject\",\"inLanguage\":\"fr-be\",\"@id\":\"https:\/\/hoptodate.com\/fr-be\/#\/schema\/logo\/image\/\",\"url\":\"https:\/\/hoptodate.com\/wp-content\/uploads\/2022\/09\/HTDlogo.png\",\"contentUrl\":\"https:\/\/hoptodate.com\/wp-content\/uploads\/2022\/09\/HTDlogo.png\",\"width\":1920,\"height\":500,\"caption\":\"hoptodate\"},\"image\":{\"@id\":\"https:\/\/hoptodate.com\/fr-be\/#\/schema\/logo\/image\/\"}}]}<\/script>\n<!-- \/ Yoast SEO plugin. -->","yoast_head_json":{"title":"\u00c9v\u00e9nements C\u00e9libataires en Belgique - Rencontres Inoubliables","description":"Participez aux \u00e9v\u00e9nements pour c\u00e9libataires. Rencontrez d'autres c\u00e9libataires dans une ambiance conviviale et trouvez l'amour pr\u00e8s de chez vous.","robots":{"index":"index","follow":"follow","max-snippet":"max-snippet:-1","max-image-preview":"max-image-preview:large","max-video-preview":"max-video-preview:-1"},"canonical":"https:\/\/hoptodate.com\/fr-be\/event\/","og_locale":"fr_FR","og_type":"article","og_title":"\u00c9v\u00e9nements C\u00e9libataires en Belgique - Rencontres Inoubliables","og_description":"Participez aux \u00e9v\u00e9nements pour c\u00e9libataires. Rencontrez d'autres c\u00e9libataires dans une ambiance conviviale et trouvez l'amour pr\u00e8s de chez vous.","og_url":"https:\/\/hoptodate.com\/fr-be\/event\/","og_site_name":"HopToDate","article_modified_time":"2025-03-02T13:52:27+00:00","twitter_card":"summary_large_image","twitter_misc":{"Est. reading time":"2 minutes"},"schema":{"@context":"https:\/\/schema.org","@graph":[{"@type":"WebPage","@id":"https:\/\/hoptodate.com\/fr-be\/event\/","url":"https:\/\/hoptodate.com\/fr-be\/event\/","name":"\u00c9v\u00e9nements C\u00e9libataires en Belgique - Rencontres Inoubliables","isPartOf":{"@id":"https:\/\/hoptodate.com\/fr-be\/#website"},"datePublished":"2022-05-03T11:05:40+00:00","dateModified":"2025-03-02T13:52:27+00:00","description":"Participez aux \u00e9v\u00e9nements pour c\u00e9libataires. Rencontrez d'autres c\u00e9libataires dans une ambiance conviviale et trouvez l'amour pr\u00e8s de chez vous.","breadcrumb":{"@id":"https:\/\/hoptodate.com\/fr-be\/event\/#breadcrumb"},"inLanguage":"fr-be","potentialAction":[{"@type":"ReadAction","target":["https:\/\/hoptodate.com\/fr-be\/event\/"]}]},{"@type":"BreadcrumbList","@id":"https:\/\/hoptodate.com\/fr-be\/event\/#breadcrumb","itemListElement":[{"@type":"ListItem","position":1,"name":"Home","item":"https:\/\/hoptodate.com\/fr-be\/"},{"@type":"ListItem","position":2,"name":"Calendrier"}]},{"@type":"WebSite","@id":"https:\/\/hoptodate.com\/fr-be\/#website","url":"https:\/\/hoptodate.com\/fr-be\/","name":"hoptodate","description":"Speeddaten, barhoppen, datingsite-app, Singleborrels met HopToDate","publisher":{"@id":"https:\/\/hoptodate.com\/fr-be\/#organization"},"potentialAction":[{"@type":"SearchAction","target":{"@type":"EntryPoint","urlTemplate":"https:\/\/hoptodate.com\/fr-be\/?s={search_term_string}"},"query-input":{"@type":"PropertyValueSpecification","valueRequired":true,"valueName":"search_term_string"}}],"inLanguage":"fr-be"},{"@type":"Organization","@id":"https:\/\/hoptodate.com\/fr-be\/#organization","name":"hoptodate","url":"https:\/\/hoptodate.com\/fr-be\/","logo":{"@type":"ImageObject","inLanguage":"fr-be","@id":"https:\/\/hoptodate.com\/fr-be\/#\/schema\/logo\/image\/","url":"https:\/\/hoptodate.com\/wp-content\/uploads\/2022\/09\/HTDlogo.png","contentUrl":"https:\/\/hoptodate.com\/wp-content\/uploads\/2022\/09\/HTDlogo.png","width":1920,"height":500,"caption":"hoptodate"},"image":{"@id":"https:\/\/hoptodate.com\/fr-be\/#\/schema\/logo\/image\/"}}]}},"_links":{"self":[{"href":"https:\/\/hoptodate.com\/fr-be\/wp-json\/wp\/v2\/pages\/5447","targetHints":{"allow":["GET"]}}],"collection":[{"href":"https:\/\/hoptodate.com\/fr-be\/wp-json\/wp\/v2\/pages"}],"about":[{"href":"https:\/\/hoptodate.com\/fr-be\/wp-json\/wp\/v2\/types\/page"}],"author":[{"embeddable":true,"href":"https:\/\/hoptodate.com\/fr-be\/wp-json\/wp\/v2\/users\/1"}],"replies":[{"embeddable":true,"href":"https:\/\/hoptodate.com\/fr-be\/wp-json\/wp\/v2\/comments?post=5447"}],"version-history":[{"count":10,"href":"https:\/\/hoptodate.com\/fr-be\/wp-json\/wp\/v2\/pages\/5447\/revisions"}],"predecessor-version":[{"id":11407,"href":"https:\/\/hoptodate.com\/fr-be\/wp-json\/wp\/v2\/pages\/5447\/revisions\/11407"}],"wp:attachment":[{"href":"https:\/\/hoptodate.com\/fr-be\/wp-json\/wp\/v2\/media?parent=5447"}],"curies":[{"name":"wp","href":"https:\/\/api.w.org\/{rel}","templated":true}]}}