{"id":5487,"date":"2022-03-29T18:51:24","date_gmt":"2022-03-29T18:51:24","guid":{"rendered":"https:\/\/hoptodate.com\/politique-relative-aux-cookies\/"},"modified":"2024-10-27T15:48:08","modified_gmt":"2024-10-27T15:48:08","slug":"politique-relative-aux-cookies","status":"publish","type":"page","link":"https:\/\/hoptodate.com\/fr-be\/politique-relative-aux-cookies\/","title":{"rendered":"Politique relative aux cookies"},"content":{"rendered":"<div class=\"wpb-content-wrapper\"><p>[vc_row content_placement=&#8221;middle&#8221; pix_over_visibility=&#8221;2&#8243; pix_particles_check=&#8221;&#8221; css=&#8221;.vc_custom_1593213812842{padding-top: 40px !important;padding-right: 30px !important;padding-bottom: 40px !important;padding-left: 30px !important;background-color: #ffffff !important;border-radius: 10px !important;}&#8221;][vc_column]<div  class=\"pix-heading-el text-left \"><h1 class=\"text-body-default font-weight-bold h1 heading-text el-title_custom_color mb-12\" style=\"\" data-anim-type=\"\" data-anim-delay=\"0\">Politique Relative aux Cookies<\/h1><\/div><span class=\"pix-badge-element h6 d-inline-flex mr-1 \"  ><span class=\"badge font-weight-bold bg-blue-light  vc_custom_1654191156453  \" style=\" \"><span class=\"text-blue\" style=\"\">Derni\u00e8re mise \u00e0 jour le 2 juin 2022<\/span><\/span><\/span><div class=\"pix-el-text w-100   vc_custom_1654191208325\" ><p class=\"  text-body-default  \" >Cette politique relative aux cookies explique comment SmartFlash (&#8220;Soci\u00e9t\u00e9&#8221;, &#8220;nous&#8221;, &#8220;notre&#8221; et &#8220;nos&#8221;) utilise des cookies et des technologies similaires pour vous reconna\u00eetre lorsque vous visitez nos sites Web \u00e0 l&#8217;adresse https:\/\/www.hoptodate.com, (&#8221; Sites Internet&#8221;). Il explique ce que sont ces technologies et pourquoi nous les utilisons, ainsi que vos droits de contr\u00f4ler notre utilisation de celles-ci.<\/p>\r\n<p>Dans certains cas, nous pouvons utiliser des cookies pour collecter des informations personnelles, ou qui deviennent des informations personnelles si nous les combinons avec d&#8217;autres informations.<\/p><\/div><div  class=\"pix-heading-el text-left  vc_custom_1593214307944\"><h5 class=\"text-heading-default font-weight-bold h5 heading-text el-title_custom_color mb-12\" style=\"\" data-anim-type=\"\" data-anim-delay=\"0\">Que sont les cookies ?<\/h5><\/div><div class=\"pix-el-text w-100   vc_custom_1654002552161\" ><p class=\"  text-body-default  \" >Les cookies sont de petits fichiers de donn\u00e9es qui sont plac\u00e9s sur votre ordinateur ou votre appareil mobile lorsque vous visitez un site Web. Les cookies sont largement utilis\u00e9s par les propri\u00e9taires de sites Web pour faire fonctionner leurs sites Web ou pour fonctionner plus efficacement, ainsi que pour fournir des informations de rapport.<\/p>\r\n<p>Les cookies d\u00e9finis par le propri\u00e9taire du site Web (dans ce cas, SmartFlash) sont appel\u00e9s &#8220;cookies propri\u00e9taires&#8221;. Les cookies d\u00e9finis par des parties autres que le propri\u00e9taire du site Web sont appel\u00e9s &#8220;cookies tiers&#8221;. Les cookies tiers permettent de fournir des fonctionnalit\u00e9s ou fonctionnalit\u00e9s tierces sur ou via le site Web (par exemple, comme la publicit\u00e9, le contenu interactif et l&#8217;analyse). Les parties qui installent ces cookies tiers peuvent reconna\u00eetre votre ordinateur \u00e0 la fois lorsqu&#8217;il visite le site Web en question et \u00e9galement lorsqu&#8217;il visite certains autres sites Web.<\/p><\/div><div  class=\"pix-heading-el text-left  vc_custom_1593214297753\"><h5 class=\"text-heading-default font-weight-bold h5 heading-text el-title_custom_color mb-12\" style=\"\" data-anim-type=\"\" data-anim-delay=\"0\">Pourquoi utilisons-nous des cookies ?<\/h5><\/div><div class=\"pix-el-text w-100   vc_custom_1593214266154\" ><p class=\"  text-body-default  \" >Nous utilisons des cookies propri\u00e9taires et tiers pour plusieurs raisons. Certains cookies sont n\u00e9cessaires pour des raisons techniques au fonctionnement de nos sites Web, et nous les appelons cookies &#8220;essentiels&#8221; ou &#8220;strictement n\u00e9cessaires&#8221;. D&#8217;autres cookies nous permettent \u00e9galement de suivre et de cibler les int\u00e9r\u00eats de nos utilisateurs pour am\u00e9liorer l&#8217;exp\u00e9rience sur nos propri\u00e9t\u00e9s en ligne. Des tiers utilisent des cookies via nos sites Web \u00e0 des fins de publicit\u00e9, d&#8217;analyse et \u00e0 d&#8217;autres fins. Ceci est d\u00e9crit plus en d\u00e9tail ci-dessous.<\/p>\r\n<p>Les types sp\u00e9cifiques de cookies propri\u00e9taires et tiers utilis\u00e9s via nos sites Web et les objectifs qu&#8217;ils remplissent sont d\u00e9crits ci-dessous (veuillez noter que les cookies sp\u00e9cifiques utilis\u00e9s peuvent varier en fonction des propri\u00e9t\u00e9s en ligne sp\u00e9cifiques que vous visitez) :<\/p><\/div><div  class=\"pix-heading-el text-left  vc_custom_1593214302535\"><h5 class=\"text-heading-default font-weight-bold h5 heading-text el-title_custom_color mb-12\" style=\"\" data-anim-type=\"\" data-anim-delay=\"0\">Comment puis-je contr\u00f4ler les cookies ?<\/h5><\/div><div class=\"pix-el-text w-100   vc_custom_1593214370376\" ><p class=\"  text-body-default  \" >Vous avez le droit de d\u00e9cider d&#8217;accepter ou de refuser les cookies. Vous pouvez exercer vos droits en mati\u00e8re de cookies en d\u00e9finissant vos pr\u00e9f\u00e9rences dans le gestionnaire de consentement aux cookies. Le Cookie Consent Manager vous permet de s\u00e9lectionner les cat\u00e9gories de cookies que vous acceptez ou refusez. Les cookies essentiels ne peuvent pas \u00eatre rejet\u00e9s car ils sont strictement n\u00e9cessaires pour vous fournir des services.<\/p>\r\n<p>Le Cookie Consent Manager se trouve dans la banni\u00e8re de notification et sur notre site Web. Si vous choisissez de refuser les cookies, vous pouvez toujours utiliser notre site Web, m\u00eame si votre acc\u00e8s \u00e0 certaines fonctionnalit\u00e9s et zones de notre site Web peut \u00eatre restreint. Vous pouvez \u00e9galement d\u00e9finir ou modifier les contr\u00f4les de votre navigateur Web pour accepter ou refuser les cookies. \u00c9tant donn\u00e9 que les moyens par lesquels vous pouvez refuser les cookies via les commandes de votre navigateur Web varient d&#8217;un navigateur \u00e0 l&#8217;autre, vous devez consulter le menu d&#8217;aide de votre navigateur pour plus d&#8217;informations.<\/p><\/div><div class=\"d-block w-100 text-center\"><a  href=\"\/fr-be\/contact\/\" class=\"btn mb-2     btn-primary-light d-flex w-100  justify-content-center  align-items-center pix-hover-item       animate-in pix-btn-div btn-md\"   data-anim-type=\"fade-in-up\" data-anim-delay=\"400\" ><svg class=\"pixfort-icon font-weight-bold  pix-hover-left  mr-2\" width=\"24\" height=\"24\"  data-name=\"Line\/pixfort-icon-telephone-1\" viewBox=\"2 2 20 20\"><path fill=\"none\" stroke=\"var(--pf-icon-color)\" stroke-linecap=\"round\" stroke-linejoin=\"round\" stroke-width=\"var(--pf-icon-stroke-width)\" d=\"M18.8832522,15.2149875 L16.6435199,14.9557395 C16.063686,14.888624 15.4834673,15.0781662 15.0550765,15.474642 L13.9101291,16.5342913 L13.9101291,16.5342913 C11.0247673,15.2272362 8.65046344,13.0476406 7.32012905,9.94429134 L8.40498315,8.93981673 C8.87321964,8.50627302 9.10646531,7.87531619 9.03281655,7.24145388 L8.78582632,5.11571837 C8.65834351,4.01853018 7.6655515,3.23242866 6.56836332,3.35991148 C6.52669972,3.36475239 6.48519872,3.37090276 6.44392189,3.37835345 L4.03181843,3.81375119 C3.42678981,3.92293172 2.99622204,4.46337942 3.02497102,5.07750767 C3.02497102,5.07750767 3.02497102,5.07750767 3.02497102,5.07750767 C3.46000713,14.3706349 9.54976692,20.5603505 18.9740596,20.9775141 C18.9740596,20.9775141 18.9740596,20.9775141 18.9740596,20.9775141 C19.5592738,21.0034184 20.0735032,20.5926686 20.177581,20.0162014 L20.6214816,17.5569921 C20.8176915,16.4699892 20.095561,15.4297396 19.0085581,15.2335297 C18.9669957,15.2260274 18.9252062,15.2198436 18.8832522,15.2149875 Z\"\/><\/svg><span class=\"font-weight-bold \" >Avoir une question? Contactez-nous aujourd'hui<\/span><\/a><\/div>[\/vc_column][\/vc_row]<\/p>\r\n<\/div>","protected":false},"excerpt":{"rendered":"[vc_row content_placement=&#8221;middle&#8221; pix_over_visibility=&#8221;2&#8243; pix_particles_check=&#8221;&#8221; css=&#8221;.vc_custom_1593213812842{padding-top: 40px !important;padding-right: 30px !important;padding-bottom: 40px !important;padding-left: 30px !important;background-color: #ffffff !important;border-radius: 10px !important;}&#8221;][vc_column][\/vc_column][\/vc_row]","protected":false},"author":3,"featured_media":0,"parent":0,"menu_order":0,"comment_status":"closed","ping_status":"closed","template":"","meta":{"footnotes":""},"class_list":["post-5487","page","type-page","status-publish","hentry"],"yoast_head":"<!-- This site is optimized with the Yoast SEO plugin v27.2 - https:\/\/yoast.com\/product\/yoast-seo-wordpress\/ -->\n<title>Politique Relative aux Cookies | HopToDate Belgique<\/title>\n<meta name=\"description\" content=\"D\u00e9couvrez comment HopToDate Belgique utilise les cookies pour am\u00e9liorer votre exp\u00e9rience en ligne. Contr\u00f4lez vos pr\u00e9f\u00e9rences et consultez notre politique.\" \/>\n<meta name=\"robots\" content=\"index, follow, max-snippet:-1, max-image-preview:large, max-video-preview:-1\" \/>\n<link rel=\"canonical\" href=\"https:\/\/hoptodate.com\/fr-be\/politique-relative-aux-cookies\/\" \/>\n<meta property=\"og:locale\" content=\"fr_FR\" \/>\n<meta property=\"og:type\" content=\"article\" \/>\n<meta property=\"og:title\" content=\"Politique Relative aux Cookies | HopToDate Belgique\" \/>\n<meta property=\"og:description\" content=\"D\u00e9couvrez comment HopToDate Belgique utilise les cookies pour am\u00e9liorer votre exp\u00e9rience en ligne. Contr\u00f4lez vos pr\u00e9f\u00e9rences et consultez notre politique.\" \/>\n<meta property=\"og:url\" content=\"https:\/\/hoptodate.com\/fr-be\/politique-relative-aux-cookies\/\" \/>\n<meta property=\"og:site_name\" content=\"HopToDate\" \/>\n<meta property=\"article:modified_time\" content=\"2024-10-27T15:48:08+00:00\" \/>\n<meta name=\"twitter:card\" content=\"summary_large_image\" \/>\n<meta name=\"twitter:label1\" content=\"Est. reading time\" \/>\n\t<meta name=\"twitter:data1\" content=\"4 minutes\" \/>\n<script type=\"application\/ld+json\" class=\"yoast-schema-graph\">{\"@context\":\"https:\/\/schema.org\",\"@graph\":[{\"@type\":\"WebPage\",\"@id\":\"https:\/\/hoptodate.com\/fr-be\/politique-relative-aux-cookies\/\",\"url\":\"https:\/\/hoptodate.com\/fr-be\/politique-relative-aux-cookies\/\",\"name\":\"Politique Relative aux Cookies | HopToDate Belgique\",\"isPartOf\":{\"@id\":\"https:\/\/hoptodate.com\/fr-be\/#website\"},\"datePublished\":\"2022-03-29T18:51:24+00:00\",\"dateModified\":\"2024-10-27T15:48:08+00:00\",\"description\":\"D\u00e9couvrez comment HopToDate Belgique utilise les cookies pour am\u00e9liorer votre exp\u00e9rience en ligne. Contr\u00f4lez vos pr\u00e9f\u00e9rences et consultez notre politique.\",\"breadcrumb\":{\"@id\":\"https:\/\/hoptodate.com\/fr-be\/politique-relative-aux-cookies\/#breadcrumb\"},\"inLanguage\":\"fr-be\",\"potentialAction\":[{\"@type\":\"ReadAction\",\"target\":[\"https:\/\/hoptodate.com\/fr-be\/politique-relative-aux-cookies\/\"]}]},{\"@type\":\"BreadcrumbList\",\"@id\":\"https:\/\/hoptodate.com\/fr-be\/politique-relative-aux-cookies\/#breadcrumb\",\"itemListElement\":[{\"@type\":\"ListItem\",\"position\":1,\"name\":\"Home\",\"item\":\"https:\/\/hoptodate.com\/fr-be\/\"},{\"@type\":\"ListItem\",\"position\":2,\"name\":\"Politique relative aux cookies\"}]},{\"@type\":\"WebSite\",\"@id\":\"https:\/\/hoptodate.com\/fr-be\/#website\",\"url\":\"https:\/\/hoptodate.com\/fr-be\/\",\"name\":\"hoptodate\",\"description\":\"Speeddaten, barhoppen, datingsite-app, Singleborrels met HopToDate\",\"publisher\":{\"@id\":\"https:\/\/hoptodate.com\/fr-be\/#organization\"},\"potentialAction\":[{\"@type\":\"SearchAction\",\"target\":{\"@type\":\"EntryPoint\",\"urlTemplate\":\"https:\/\/hoptodate.com\/fr-be\/?s={search_term_string}\"},\"query-input\":{\"@type\":\"PropertyValueSpecification\",\"valueRequired\":true,\"valueName\":\"search_term_string\"}}],\"inLanguage\":\"fr-be\"},{\"@type\":\"Organization\",\"@id\":\"https:\/\/hoptodate.com\/fr-be\/#organization\",\"name\":\"hoptodate\",\"url\":\"https:\/\/hoptodate.com\/fr-be\/\",\"logo\":{\"@type\":\"ImageObject\",\"inLanguage\":\"fr-be\",\"@id\":\"https:\/\/hoptodate.com\/fr-be\/#\/schema\/logo\/image\/\",\"url\":\"https:\/\/hoptodate.com\/wp-content\/uploads\/2022\/09\/HTDlogo.png\",\"contentUrl\":\"https:\/\/hoptodate.com\/wp-content\/uploads\/2022\/09\/HTDlogo.png\",\"width\":1920,\"height\":500,\"caption\":\"hoptodate\"},\"image\":{\"@id\":\"https:\/\/hoptodate.com\/fr-be\/#\/schema\/logo\/image\/\"}}]}<\/script>\n<!-- \/ Yoast SEO plugin. -->","yoast_head_json":{"title":"Politique Relative aux Cookies | HopToDate Belgique","description":"D\u00e9couvrez comment HopToDate Belgique utilise les cookies pour am\u00e9liorer votre exp\u00e9rience en ligne. Contr\u00f4lez vos pr\u00e9f\u00e9rences et consultez notre politique.","robots":{"index":"index","follow":"follow","max-snippet":"max-snippet:-1","max-image-preview":"max-image-preview:large","max-video-preview":"max-video-preview:-1"},"canonical":"https:\/\/hoptodate.com\/fr-be\/politique-relative-aux-cookies\/","og_locale":"fr_FR","og_type":"article","og_title":"Politique Relative aux Cookies | HopToDate Belgique","og_description":"D\u00e9couvrez comment HopToDate Belgique utilise les cookies pour am\u00e9liorer votre exp\u00e9rience en ligne. Contr\u00f4lez vos pr\u00e9f\u00e9rences et consultez notre politique.","og_url":"https:\/\/hoptodate.com\/fr-be\/politique-relative-aux-cookies\/","og_site_name":"HopToDate","article_modified_time":"2024-10-27T15:48:08+00:00","twitter_card":"summary_large_image","twitter_misc":{"Est. reading time":"4 minutes"},"schema":{"@context":"https:\/\/schema.org","@graph":[{"@type":"WebPage","@id":"https:\/\/hoptodate.com\/fr-be\/politique-relative-aux-cookies\/","url":"https:\/\/hoptodate.com\/fr-be\/politique-relative-aux-cookies\/","name":"Politique Relative aux Cookies | HopToDate Belgique","isPartOf":{"@id":"https:\/\/hoptodate.com\/fr-be\/#website"},"datePublished":"2022-03-29T18:51:24+00:00","dateModified":"2024-10-27T15:48:08+00:00","description":"D\u00e9couvrez comment HopToDate Belgique utilise les cookies pour am\u00e9liorer votre exp\u00e9rience en ligne. Contr\u00f4lez vos pr\u00e9f\u00e9rences et consultez notre politique.","breadcrumb":{"@id":"https:\/\/hoptodate.com\/fr-be\/politique-relative-aux-cookies\/#breadcrumb"},"inLanguage":"fr-be","potentialAction":[{"@type":"ReadAction","target":["https:\/\/hoptodate.com\/fr-be\/politique-relative-aux-cookies\/"]}]},{"@type":"BreadcrumbList","@id":"https:\/\/hoptodate.com\/fr-be\/politique-relative-aux-cookies\/#breadcrumb","itemListElement":[{"@type":"ListItem","position":1,"name":"Home","item":"https:\/\/hoptodate.com\/fr-be\/"},{"@type":"ListItem","position":2,"name":"Politique relative aux cookies"}]},{"@type":"WebSite","@id":"https:\/\/hoptodate.com\/fr-be\/#website","url":"https:\/\/hoptodate.com\/fr-be\/","name":"hoptodate","description":"Speeddaten, barhoppen, datingsite-app, Singleborrels met HopToDate","publisher":{"@id":"https:\/\/hoptodate.com\/fr-be\/#organization"},"potentialAction":[{"@type":"SearchAction","target":{"@type":"EntryPoint","urlTemplate":"https:\/\/hoptodate.com\/fr-be\/?s={search_term_string}"},"query-input":{"@type":"PropertyValueSpecification","valueRequired":true,"valueName":"search_term_string"}}],"inLanguage":"fr-be"},{"@type":"Organization","@id":"https:\/\/hoptodate.com\/fr-be\/#organization","name":"hoptodate","url":"https:\/\/hoptodate.com\/fr-be\/","logo":{"@type":"ImageObject","inLanguage":"fr-be","@id":"https:\/\/hoptodate.com\/fr-be\/#\/schema\/logo\/image\/","url":"https:\/\/hoptodate.com\/wp-content\/uploads\/2022\/09\/HTDlogo.png","contentUrl":"https:\/\/hoptodate.com\/wp-content\/uploads\/2022\/09\/HTDlogo.png","width":1920,"height":500,"caption":"hoptodate"},"image":{"@id":"https:\/\/hoptodate.com\/fr-be\/#\/schema\/logo\/image\/"}}]}},"_links":{"self":[{"href":"https:\/\/hoptodate.com\/fr-be\/wp-json\/wp\/v2\/pages\/5487","targetHints":{"allow":["GET"]}}],"collection":[{"href":"https:\/\/hoptodate.com\/fr-be\/wp-json\/wp\/v2\/pages"}],"about":[{"href":"https:\/\/hoptodate.com\/fr-be\/wp-json\/wp\/v2\/types\/page"}],"author":[{"embeddable":true,"href":"https:\/\/hoptodate.com\/fr-be\/wp-json\/wp\/v2\/users\/3"}],"replies":[{"embeddable":true,"href":"https:\/\/hoptodate.com\/fr-be\/wp-json\/wp\/v2\/comments?post=5487"}],"version-history":[{"count":5,"href":"https:\/\/hoptodate.com\/fr-be\/wp-json\/wp\/v2\/pages\/5487\/revisions"}],"predecessor-version":[{"id":9622,"href":"https:\/\/hoptodate.com\/fr-be\/wp-json\/wp\/v2\/pages\/5487\/revisions\/9622"}],"wp:attachment":[{"href":"https:\/\/hoptodate.com\/fr-be\/wp-json\/wp\/v2\/media?parent=5487"}],"curies":[{"name":"wp","href":"https:\/\/api.w.org\/{rel}","templated":true}]}}