{"id":5805,"date":"2022-05-03T12:05:07","date_gmt":"2022-05-03T12:05:07","guid":{"rendered":"https:\/\/hoptodate.com\/logout\/"},"modified":"2025-10-30T17:14:11","modified_gmt":"2025-10-30T17:14:11","slug":"logout","status":"publish","type":"page","link":"https:\/\/hoptodate.com\/fr-be\/logout\/","title":{"rendered":"Logout"},"content":{"rendered":"<div class=\"wpb-content-wrapper\"><p>[vc_section full_width=&#8221;stretch_row&#8221; pix_over_visibility=&#8221;&#8221; css=&#8221;.vc_custom_1725479482749{padding-top: 5% !important;padding-bottom: 0px !important;}&#8221;][vc_row full_width=&#8221;stretch_row&#8221; pix_particles_check=&#8221;&#8221; css=&#8221;.vc_custom_1592393414962{padding-bottom: 60px !important;}&#8221;][vc_column content_align=&#8221;text-center&#8221;]<div class=\"pix-element-div w-100 text-center\"><span class=\"pix-badge-element h6 d-inline-flex mr-1 animate-in\" data-anim-type=\"fade-in-left\" data-anim-delay=\"600\"><span class=\"badge font-weight-bold shadow bg-secondary  vc_custom_1716409381382  \" style=\" \"><span class=\"text-white\" style=\"\">Merci pour ta visite !<\/span><\/span><\/span><\/div><div  class=\"pix-heading-el text-center  vc_custom_1716409372047\"><h3 class=\"text-heading-default font-weight-bold h3 heading-text el-title_custom_color mb-12\" style=\"\" data-anim-type=\"\" data-anim-delay=\"0\">\u00c0 bient\u00f4t sur HopToDate !<\/h3><\/div><div class=\"pix-el-text w-100 text-center \" ><div class=\"d-inline-block\" style=\"max-width:800px;\"><p class=\"  text-body-default text-center font-weight-bold\" >Nous esp\u00e9rons te revoir tr\u00e8s bient\u00f4t lors de l&#8217;une de nos soir\u00e9es. En attendant, n&#8217;oublie pas de suivre nos r\u00e9seaux sociaux pour rester inform\u00e9(e) des prochains \u00e9v\u00e9nements !<\/p><\/div><\/div>[\/vc_column][\/vc_row][\/vc_section][vc_row pix_particles_check=&#8221;&#8221;][vc_column][vc_raw_html css=&#8221;&#8221;]JTNDZGl2JTIwaWQlM0QlMjJhcGljb250ZW50JTIyJTNFJTNDZGl2JTIwY2xhc3MlM0QlMjJsb2FkZXJfc2V4dGlvbiUyMiUzRSUzQ3NwYW4lMjBjbGFzcyUzRCUyMmFwaWxvYWRlciUyMiUzRSUzQyUyRnNwYW4lM0UlM0MlMkZkaXYlM0UlM0MlMkZkaXYlM0U=[\/vc_raw_html][\/vc_column][\/vc_row]<\/p>\r\n<\/div>","protected":false},"excerpt":{"rendered":"[vc_section full_width=&#8221;stretch_row&#8221; pix_over_visibility=&#8221;&#8221; css=&#8221;.vc_custom_1725479482749{padding-top: 5% !important;padding-bottom: 0px !important;}&#8221;][vc_row full_width=&#8221;stretch_row&#8221; pix_particles_check=&#8221;&#8221; css=&#8221;.vc_custom_1592393414962{padding-bottom: 60px !important;}&#8221;][vc_column content_align=&#8221;text-center&#8221;][\/vc_column][\/vc_row][\/vc_section][vc_row pix_particles_check=&#8221;&#8221;][vc_column][vc_raw_html css=&#8221;&#8221;]JTNDZGl2JTIwaWQlM0QlMjJhcGljb250ZW50JTIyJTNFJTNDZGl2JTIwY2xhc3MlM0QlMjJsb2FkZXJfc2V4dGlvbiUyMiUzRSUzQ3NwYW4lMjBjbGFzcyUzRCUyMmFwaWxvYWRlciUyMiUzRSUzQyUyRnNwYW4lM0UlM0MlMkZkaXYlM0UlM0MlMkZkaXYlM0U=[\/vc_raw_html][\/vc_column][\/vc_row]","protected":false},"author":1,"featured_media":0,"parent":0,"menu_order":0,"comment_status":"closed","ping_status":"closed","template":"","meta":{"footnotes":""},"class_list":["post-5805","page","type-page","status-publish","hentry"],"yoast_head":"<!-- This site is optimized with the Yoast SEO plugin v27.2 - https:\/\/yoast.com\/product\/yoast-seo-wordpress\/ -->\n<title>Logout - HopToDate<\/title>\n<meta name=\"robots\" content=\"index, follow, max-snippet:-1, max-image-preview:large, max-video-preview:-1\" \/>\n<link rel=\"canonical\" href=\"https:\/\/hoptodate.com\/fr-be\/logout\/\" \/>\n<meta property=\"og:locale\" content=\"fr_FR\" \/>\n<meta property=\"og:type\" content=\"article\" \/>\n<meta property=\"og:title\" content=\"Logout - HopToDate\" \/>\n<meta property=\"og:description\" content=\"[vc_section full_width=&#8221;stretch_row&#8221; pix_over_visibility=&#8221;&#8221; css=&#8221;.vc_custom_1725479482749{padding-top: 5% !important;padding-bottom: 0px !important;}&#8221;][vc_row full_width=&#8221;stretch_row&#8221; pix_particles_check=&#8221;&#8221; css=&#8221;.vc_custom_1592393414962{padding-bottom: 60px !important;}&#8221;][vc_column content_align=&#8221;text-center&#8221;][\/vc_column][\/vc_row][\/vc_section][vc_row pix_particles_check=&#8221;&#8221;][vc_column][vc_raw_html css=&#8221;&#8221;]JTNDZGl2JTIwaWQlM0QlMjJhcGljb250ZW50JTIyJTNFJTNDZGl2JTIwY2xhc3MlM0QlMjJsb2FkZXJfc2V4dGlvbiUyMiUzRSUzQ3NwYW4lMjBjbGFzcyUzRCUyMmFwaWxvYWRlciUyMiUzRSUzQyUyRnNwYW4lM0UlM0MlMkZkaXYlM0UlM0MlMkZkaXYlM0U=[\/vc_raw_html][\/vc_column][\/vc_row]\" \/>\n<meta property=\"og:url\" content=\"https:\/\/hoptodate.com\/fr-be\/logout\/\" \/>\n<meta property=\"og:site_name\" content=\"HopToDate\" \/>\n<meta property=\"article:modified_time\" content=\"2025-10-30T17:14:11+00:00\" \/>\n<meta name=\"twitter:card\" content=\"summary_large_image\" \/>\n<meta name=\"twitter:label1\" content=\"Est. reading time\" \/>\n\t<meta name=\"twitter:data1\" content=\"1 minute\" \/>\n<script type=\"application\/ld+json\" class=\"yoast-schema-graph\">{\"@context\":\"https:\/\/schema.org\",\"@graph\":[{\"@type\":\"WebPage\",\"@id\":\"https:\/\/hoptodate.com\/fr-be\/logout\/\",\"url\":\"https:\/\/hoptodate.com\/fr-be\/logout\/\",\"name\":\"Logout - HopToDate\",\"isPartOf\":{\"@id\":\"https:\/\/hoptodate.com\/fr-be\/#website\"},\"datePublished\":\"2022-05-03T12:05:07+00:00\",\"dateModified\":\"2025-10-30T17:14:11+00:00\",\"breadcrumb\":{\"@id\":\"https:\/\/hoptodate.com\/fr-be\/logout\/#breadcrumb\"},\"inLanguage\":\"fr-be\",\"potentialAction\":[{\"@type\":\"ReadAction\",\"target\":[\"https:\/\/hoptodate.com\/fr-be\/logout\/\"]}]},{\"@type\":\"BreadcrumbList\",\"@id\":\"https:\/\/hoptodate.com\/fr-be\/logout\/#breadcrumb\",\"itemListElement\":[{\"@type\":\"ListItem\",\"position\":1,\"name\":\"Home\",\"item\":\"https:\/\/hoptodate.com\/fr-be\/\"},{\"@type\":\"ListItem\",\"position\":2,\"name\":\"Logout\"}]},{\"@type\":\"WebSite\",\"@id\":\"https:\/\/hoptodate.com\/fr-be\/#website\",\"url\":\"https:\/\/hoptodate.com\/fr-be\/\",\"name\":\"hoptodate\",\"description\":\"Speeddaten, barhoppen, datingsite-app, Singleborrels met HopToDate\",\"publisher\":{\"@id\":\"https:\/\/hoptodate.com\/fr-be\/#organization\"},\"potentialAction\":[{\"@type\":\"SearchAction\",\"target\":{\"@type\":\"EntryPoint\",\"urlTemplate\":\"https:\/\/hoptodate.com\/fr-be\/?s={search_term_string}\"},\"query-input\":{\"@type\":\"PropertyValueSpecification\",\"valueRequired\":true,\"valueName\":\"search_term_string\"}}],\"inLanguage\":\"fr-be\"},{\"@type\":\"Organization\",\"@id\":\"https:\/\/hoptodate.com\/fr-be\/#organization\",\"name\":\"hoptodate\",\"url\":\"https:\/\/hoptodate.com\/fr-be\/\",\"logo\":{\"@type\":\"ImageObject\",\"inLanguage\":\"fr-be\",\"@id\":\"https:\/\/hoptodate.com\/fr-be\/#\/schema\/logo\/image\/\",\"url\":\"https:\/\/hoptodate.com\/wp-content\/uploads\/2022\/09\/HTDlogo.png\",\"contentUrl\":\"https:\/\/hoptodate.com\/wp-content\/uploads\/2022\/09\/HTDlogo.png\",\"width\":1920,\"height\":500,\"caption\":\"hoptodate\"},\"image\":{\"@id\":\"https:\/\/hoptodate.com\/fr-be\/#\/schema\/logo\/image\/\"}}]}<\/script>\n<!-- \/ Yoast SEO plugin. -->","yoast_head_json":{"title":"Logout - HopToDate","robots":{"index":"index","follow":"follow","max-snippet":"max-snippet:-1","max-image-preview":"max-image-preview:large","max-video-preview":"max-video-preview:-1"},"canonical":"https:\/\/hoptodate.com\/fr-be\/logout\/","og_locale":"fr_FR","og_type":"article","og_title":"Logout - HopToDate","og_description":"[vc_section full_width=&#8221;stretch_row&#8221; pix_over_visibility=&#8221;&#8221; css=&#8221;.vc_custom_1725479482749{padding-top: 5% !important;padding-bottom: 0px !important;}&#8221;][vc_row full_width=&#8221;stretch_row&#8221; pix_particles_check=&#8221;&#8221; css=&#8221;.vc_custom_1592393414962{padding-bottom: 60px !important;}&#8221;][vc_column content_align=&#8221;text-center&#8221;][\/vc_column][\/vc_row][\/vc_section][vc_row pix_particles_check=&#8221;&#8221;][vc_column][vc_raw_html css=&#8221;&#8221;]JTNDZGl2JTIwaWQlM0QlMjJhcGljb250ZW50JTIyJTNFJTNDZGl2JTIwY2xhc3MlM0QlMjJsb2FkZXJfc2V4dGlvbiUyMiUzRSUzQ3NwYW4lMjBjbGFzcyUzRCUyMmFwaWxvYWRlciUyMiUzRSUzQyUyRnNwYW4lM0UlM0MlMkZkaXYlM0UlM0MlMkZkaXYlM0U=[\/vc_raw_html][\/vc_column][\/vc_row]","og_url":"https:\/\/hoptodate.com\/fr-be\/logout\/","og_site_name":"HopToDate","article_modified_time":"2025-10-30T17:14:11+00:00","twitter_card":"summary_large_image","twitter_misc":{"Est. reading time":"1 minute"},"schema":{"@context":"https:\/\/schema.org","@graph":[{"@type":"WebPage","@id":"https:\/\/hoptodate.com\/fr-be\/logout\/","url":"https:\/\/hoptodate.com\/fr-be\/logout\/","name":"Logout - HopToDate","isPartOf":{"@id":"https:\/\/hoptodate.com\/fr-be\/#website"},"datePublished":"2022-05-03T12:05:07+00:00","dateModified":"2025-10-30T17:14:11+00:00","breadcrumb":{"@id":"https:\/\/hoptodate.com\/fr-be\/logout\/#breadcrumb"},"inLanguage":"fr-be","potentialAction":[{"@type":"ReadAction","target":["https:\/\/hoptodate.com\/fr-be\/logout\/"]}]},{"@type":"BreadcrumbList","@id":"https:\/\/hoptodate.com\/fr-be\/logout\/#breadcrumb","itemListElement":[{"@type":"ListItem","position":1,"name":"Home","item":"https:\/\/hoptodate.com\/fr-be\/"},{"@type":"ListItem","position":2,"name":"Logout"}]},{"@type":"WebSite","@id":"https:\/\/hoptodate.com\/fr-be\/#website","url":"https:\/\/hoptodate.com\/fr-be\/","name":"hoptodate","description":"Speeddaten, barhoppen, datingsite-app, Singleborrels met HopToDate","publisher":{"@id":"https:\/\/hoptodate.com\/fr-be\/#organization"},"potentialAction":[{"@type":"SearchAction","target":{"@type":"EntryPoint","urlTemplate":"https:\/\/hoptodate.com\/fr-be\/?s={search_term_string}"},"query-input":{"@type":"PropertyValueSpecification","valueRequired":true,"valueName":"search_term_string"}}],"inLanguage":"fr-be"},{"@type":"Organization","@id":"https:\/\/hoptodate.com\/fr-be\/#organization","name":"hoptodate","url":"https:\/\/hoptodate.com\/fr-be\/","logo":{"@type":"ImageObject","inLanguage":"fr-be","@id":"https:\/\/hoptodate.com\/fr-be\/#\/schema\/logo\/image\/","url":"https:\/\/hoptodate.com\/wp-content\/uploads\/2022\/09\/HTDlogo.png","contentUrl":"https:\/\/hoptodate.com\/wp-content\/uploads\/2022\/09\/HTDlogo.png","width":1920,"height":500,"caption":"hoptodate"},"image":{"@id":"https:\/\/hoptodate.com\/fr-be\/#\/schema\/logo\/image\/"}}]}},"_links":{"self":[{"href":"https:\/\/hoptodate.com\/fr-be\/wp-json\/wp\/v2\/pages\/5805","targetHints":{"allow":["GET"]}}],"collection":[{"href":"https:\/\/hoptodate.com\/fr-be\/wp-json\/wp\/v2\/pages"}],"about":[{"href":"https:\/\/hoptodate.com\/fr-be\/wp-json\/wp\/v2\/types\/page"}],"author":[{"embeddable":true,"href":"https:\/\/hoptodate.com\/fr-be\/wp-json\/wp\/v2\/users\/1"}],"replies":[{"embeddable":true,"href":"https:\/\/hoptodate.com\/fr-be\/wp-json\/wp\/v2\/comments?post=5805"}],"version-history":[{"count":4,"href":"https:\/\/hoptodate.com\/fr-be\/wp-json\/wp\/v2\/pages\/5805\/revisions"}],"predecessor-version":[{"id":16174,"href":"https:\/\/hoptodate.com\/fr-be\/wp-json\/wp\/v2\/pages\/5805\/revisions\/16174"}],"wp:attachment":[{"href":"https:\/\/hoptodate.com\/fr-be\/wp-json\/wp\/v2\/media?parent=5805"}],"curies":[{"name":"wp","href":"https:\/\/api.w.org\/{rel}","templated":true}]}}