{"id":11760,"date":"2025-05-11T17:24:31","date_gmt":"2025-05-11T17:24:31","guid":{"rendered":"https:\/\/hoptodate.com\/partners\/"},"modified":"2025-05-11T19:28:10","modified_gmt":"2025-05-11T19:28:10","slug":"partenaires","status":"publish","type":"page","link":"https:\/\/hoptodate.com\/fr\/partenaires\/","title":{"rendered":"Partners"},"content":{"rendered":"<div class=\"wpb-content-wrapper\">[vc_row pix_particles_check=&#8221;&#8221;][vc_column]<div  class=\"pix-heading-el text-left \"><h1 class=\"text-heading-default font-weight-bold h1 heading-text el-title_custom_color mb-12\" style=\"\" data-anim-type=\"\" data-anim-delay=\"0\">Partenaires<\/h1><\/div>[vc_column_text css=&#8221;&#8221;]\r\n<p>Chez HopToDate, nous misons sur la <strong>synergie avec nos partenaires fran\u00e7ais<\/strong> pour proposer des <strong>\u00e9v\u00e9nements de speed dating uniques<\/strong> dans toute la France. Gr\u00e2ce \u00e0 des lieux soigneusement s\u00e9lectionn\u00e9s, des outils de matchmaking performants et des concepts \u00e9v\u00e9nementiels attractifs, nos partenaires contribuent \u00e0 cr\u00e9er des <strong>rencontres m\u00e9morables et authentiques<\/strong>. Ensemble, nous offrons aux c\u00e9libataires fran\u00e7ais des moments de qualit\u00e9 dans une ambiance d\u00e9tendue.<\/p>\r\n[\/vc_column_text][\/vc_column][\/vc_row]\r\n<\/div>","protected":false},"excerpt":{"rendered":"[vc_row pix_particles_check=&#8221;&#8221;][vc_column][vc_column_text css=&#8221;&#8221;] Chez HopToDate, nous misons sur la synergie avec nos partenaires fran\u00e7ais pour proposer des \u00e9v\u00e9nements de speed dating uniques dans toute la France. Gr\u00e2ce \u00e0 des lieux soigneusement s\u00e9lectionn\u00e9s, des outils de matchmaking performants et des concepts&#8230;","protected":false},"author":3,"featured_media":0,"parent":0,"menu_order":0,"comment_status":"closed","ping_status":"closed","template":"","meta":{"footnotes":""},"class_list":["post-11760","page","type-page","status-publish","hentry"],"yoast_head":"<!-- This site is optimized with the Yoast SEO plugin v27.2 - https:\/\/yoast.com\/product\/yoast-seo-wordpress\/ -->\n<title>Partenaires de HopToDate | Des \u00e9v\u00e9nements uniques pour c\u00e9libataires<\/title>\n<meta name=\"description\" content=\"HopToDate travaille avec des partenaires en France pour cr\u00e9er des \u00e9v\u00e9nements de rencontre inoubliables et de qualit\u00e9 dans tout le pays.\" \/>\n<meta name=\"robots\" content=\"index, follow, max-snippet:-1, max-image-preview:large, max-video-preview:-1\" \/>\n<link rel=\"canonical\" href=\"https:\/\/hoptodate.com\/fr\/partenaires\/\" \/>\n<meta property=\"og:locale\" content=\"fr_FR\" \/>\n<meta property=\"og:type\" content=\"article\" \/>\n<meta property=\"og:title\" content=\"Partenaires de HopToDate | Des \u00e9v\u00e9nements uniques pour c\u00e9libataires\" \/>\n<meta property=\"og:description\" content=\"HopToDate travaille avec des partenaires en France pour cr\u00e9er des \u00e9v\u00e9nements de rencontre inoubliables et de qualit\u00e9 dans tout le pays.\" \/>\n<meta property=\"og:url\" content=\"https:\/\/hoptodate.com\/fr\/partenaires\/\" \/>\n<meta property=\"og:site_name\" content=\"HopToDate\" \/>\n<meta property=\"article:modified_time\" content=\"2025-05-11T19:28:10+00:00\" \/>\n<meta name=\"twitter:card\" content=\"summary_large_image\" \/>\n<meta name=\"twitter:label1\" content=\"Dur\u00e9e de lecture estim\u00e9e\" \/>\n\t<meta name=\"twitter:data1\" content=\"1 minute\" \/>\n<script type=\"application\/ld+json\" class=\"yoast-schema-graph\">{\"@context\":\"https:\/\/schema.org\",\"@graph\":[{\"@type\":\"WebPage\",\"@id\":\"https:\/\/hoptodate.com\/fr\/partenaires\/\",\"url\":\"https:\/\/hoptodate.com\/fr\/partenaires\/\",\"name\":\"Partenaires de HopToDate | Des \u00e9v\u00e9nements uniques pour c\u00e9libataires\",\"isPartOf\":{\"@id\":\"https:\/\/hoptodate.com\/fr\/#website\"},\"datePublished\":\"2025-05-11T17:24:31+00:00\",\"dateModified\":\"2025-05-11T19:28:10+00:00\",\"description\":\"HopToDate travaille avec des partenaires en France pour cr\u00e9er des \u00e9v\u00e9nements de rencontre inoubliables et de qualit\u00e9 dans tout le pays.\",\"breadcrumb\":{\"@id\":\"https:\/\/hoptodate.com\/fr\/partenaires\/#breadcrumb\"},\"inLanguage\":\"fr-fr\",\"potentialAction\":[{\"@type\":\"ReadAction\",\"target\":[\"https:\/\/hoptodate.com\/fr\/partenaires\/\"]}]},{\"@type\":\"BreadcrumbList\",\"@id\":\"https:\/\/hoptodate.com\/fr\/partenaires\/#breadcrumb\",\"itemListElement\":[{\"@type\":\"ListItem\",\"position\":1,\"name\":\"Home\",\"item\":\"https:\/\/hoptodate.com\/fr\/\"},{\"@type\":\"ListItem\",\"position\":2,\"name\":\"Partners\"}]},{\"@type\":\"WebSite\",\"@id\":\"https:\/\/hoptodate.com\/fr\/#website\",\"url\":\"https:\/\/hoptodate.com\/fr\/\",\"name\":\"hoptodate\",\"description\":\"Speeddaten, barhoppen, datingsite-app, Singleborrels met HopToDate\",\"publisher\":{\"@id\":\"https:\/\/hoptodate.com\/fr\/#organization\"},\"potentialAction\":[{\"@type\":\"SearchAction\",\"target\":{\"@type\":\"EntryPoint\",\"urlTemplate\":\"https:\/\/hoptodate.com\/fr\/?s={search_term_string}\"},\"query-input\":{\"@type\":\"PropertyValueSpecification\",\"valueRequired\":true,\"valueName\":\"search_term_string\"}}],\"inLanguage\":\"fr-fr\"},{\"@type\":\"Organization\",\"@id\":\"https:\/\/hoptodate.com\/fr\/#organization\",\"name\":\"hoptodate\",\"url\":\"https:\/\/hoptodate.com\/fr\/\",\"logo\":{\"@type\":\"ImageObject\",\"inLanguage\":\"fr-fr\",\"@id\":\"https:\/\/hoptodate.com\/fr\/#\/schema\/logo\/image\/\",\"url\":\"https:\/\/hoptodate.com\/wp-content\/uploads\/2022\/09\/HTDlogo.png\",\"contentUrl\":\"https:\/\/hoptodate.com\/wp-content\/uploads\/2022\/09\/HTDlogo.png\",\"width\":1920,\"height\":500,\"caption\":\"hoptodate\"},\"image\":{\"@id\":\"https:\/\/hoptodate.com\/fr\/#\/schema\/logo\/image\/\"}}]}<\/script>\n<!-- \/ Yoast SEO plugin. -->","yoast_head_json":{"title":"Partenaires de HopToDate | Des \u00e9v\u00e9nements uniques pour c\u00e9libataires","description":"HopToDate travaille avec des partenaires en France pour cr\u00e9er des \u00e9v\u00e9nements de rencontre inoubliables et de qualit\u00e9 dans tout le pays.","robots":{"index":"index","follow":"follow","max-snippet":"max-snippet:-1","max-image-preview":"max-image-preview:large","max-video-preview":"max-video-preview:-1"},"canonical":"https:\/\/hoptodate.com\/fr\/partenaires\/","og_locale":"fr_FR","og_type":"article","og_title":"Partenaires de HopToDate | Des \u00e9v\u00e9nements uniques pour c\u00e9libataires","og_description":"HopToDate travaille avec des partenaires en France pour cr\u00e9er des \u00e9v\u00e9nements de rencontre inoubliables et de qualit\u00e9 dans tout le pays.","og_url":"https:\/\/hoptodate.com\/fr\/partenaires\/","og_site_name":"HopToDate","article_modified_time":"2025-05-11T19:28:10+00:00","twitter_card":"summary_large_image","twitter_misc":{"Dur\u00e9e de lecture estim\u00e9e":"1 minute"},"schema":{"@context":"https:\/\/schema.org","@graph":[{"@type":"WebPage","@id":"https:\/\/hoptodate.com\/fr\/partenaires\/","url":"https:\/\/hoptodate.com\/fr\/partenaires\/","name":"Partenaires de HopToDate | Des \u00e9v\u00e9nements uniques pour c\u00e9libataires","isPartOf":{"@id":"https:\/\/hoptodate.com\/fr\/#website"},"datePublished":"2025-05-11T17:24:31+00:00","dateModified":"2025-05-11T19:28:10+00:00","description":"HopToDate travaille avec des partenaires en France pour cr\u00e9er des \u00e9v\u00e9nements de rencontre inoubliables et de qualit\u00e9 dans tout le pays.","breadcrumb":{"@id":"https:\/\/hoptodate.com\/fr\/partenaires\/#breadcrumb"},"inLanguage":"fr-fr","potentialAction":[{"@type":"ReadAction","target":["https:\/\/hoptodate.com\/fr\/partenaires\/"]}]},{"@type":"BreadcrumbList","@id":"https:\/\/hoptodate.com\/fr\/partenaires\/#breadcrumb","itemListElement":[{"@type":"ListItem","position":1,"name":"Home","item":"https:\/\/hoptodate.com\/fr\/"},{"@type":"ListItem","position":2,"name":"Partners"}]},{"@type":"WebSite","@id":"https:\/\/hoptodate.com\/fr\/#website","url":"https:\/\/hoptodate.com\/fr\/","name":"hoptodate","description":"Speeddaten, barhoppen, datingsite-app, Singleborrels met HopToDate","publisher":{"@id":"https:\/\/hoptodate.com\/fr\/#organization"},"potentialAction":[{"@type":"SearchAction","target":{"@type":"EntryPoint","urlTemplate":"https:\/\/hoptodate.com\/fr\/?s={search_term_string}"},"query-input":{"@type":"PropertyValueSpecification","valueRequired":true,"valueName":"search_term_string"}}],"inLanguage":"fr-fr"},{"@type":"Organization","@id":"https:\/\/hoptodate.com\/fr\/#organization","name":"hoptodate","url":"https:\/\/hoptodate.com\/fr\/","logo":{"@type":"ImageObject","inLanguage":"fr-fr","@id":"https:\/\/hoptodate.com\/fr\/#\/schema\/logo\/image\/","url":"https:\/\/hoptodate.com\/wp-content\/uploads\/2022\/09\/HTDlogo.png","contentUrl":"https:\/\/hoptodate.com\/wp-content\/uploads\/2022\/09\/HTDlogo.png","width":1920,"height":500,"caption":"hoptodate"},"image":{"@id":"https:\/\/hoptodate.com\/fr\/#\/schema\/logo\/image\/"}}]}},"_links":{"self":[{"href":"https:\/\/hoptodate.com\/fr\/wp-json\/wp\/v2\/pages\/11760","targetHints":{"allow":["GET"]}}],"collection":[{"href":"https:\/\/hoptodate.com\/fr\/wp-json\/wp\/v2\/pages"}],"about":[{"href":"https:\/\/hoptodate.com\/fr\/wp-json\/wp\/v2\/types\/page"}],"author":[{"embeddable":true,"href":"https:\/\/hoptodate.com\/fr\/wp-json\/wp\/v2\/users\/3"}],"replies":[{"embeddable":true,"href":"https:\/\/hoptodate.com\/fr\/wp-json\/wp\/v2\/comments?post=11760"}],"version-history":[{"count":2,"href":"https:\/\/hoptodate.com\/fr\/wp-json\/wp\/v2\/pages\/11760\/revisions"}],"predecessor-version":[{"id":11767,"href":"https:\/\/hoptodate.com\/fr\/wp-json\/wp\/v2\/pages\/11760\/revisions\/11767"}],"wp:attachment":[{"href":"https:\/\/hoptodate.com\/fr\/wp-json\/wp\/v2\/media?parent=11760"}],"curies":[{"name":"wp","href":"https:\/\/api.w.org\/{rel}","templated":true}]}}