{"id":4963,"date":"2022-05-03T11:50:51","date_gmt":"2022-05-03T11:50:51","guid":{"rendered":"https:\/\/hoptodate.com\/register\/"},"modified":"2025-10-30T17:05:34","modified_gmt":"2025-10-30T17:05:34","slug":"tickets","status":"publish","type":"page","link":"https:\/\/hoptodate.com\/fr\/tickets\/","title":{"rendered":"Tickets"},"content":{"rendered":"<div class=\"wpb-content-wrapper\"><p>[vc_section full_width=&#8221;stretch_row&#8221; pix_over_visibility=&#8221;&#8221; css=&#8221;.vc_custom_1717182659589{padding-top: 5% !important;padding-bottom: 5% !important;background-color: #ffffff !important;}&#8221; el_id=&#8221;inscription&#8221;][vc_row content_placement=&#8221;middle&#8221; pix_particles_check=&#8221;&#8221; css=&#8221;.vc_custom_1647095614284{padding-bottom: 40px !important;}&#8221;][vc_column width=&#8221;3\/4&#8243; css=&#8221;.vc_custom_1724189176272{margin-right: 3% !important;}&#8221;]<div class=\"pix-element-div w-100 text-left\"><span class=\"pix-badge-element h6 d-inline-flex mr-1 animate-in\" data-anim-type=\"fade-in-up\" data-anim-delay=\"0\"><span class=\"badge font-weight-bold bg-primary  vc_custom_1724185642309  \" style=\" \"><span class=\"text-white\" style=\"\">Inscription Speed Dating<\/span><\/span><\/span><\/div><div id=\"el1649147117175-8a8ef1f0-557a\" class=\"mb-3 text-left \"><div class=\"d-inline-block\" style=\"max-width:500px;\"><h3 class=\"mb-32 pix-sliding-headline-2 animate-in font-weight-bold secondary-font \" data-anim-type=\"pix-sliding-text\" pix-anim-delay=\"500\" data-class=\"secondary-font text-heading-default\" style=\"\"><span class=\"slide-in-container \"><span class=\"pix-sliding-item secondary-font text-heading-default\" style=\"transition-delay: 0ms;\">Choisis&#32;<\/span><\/span> <span class=\"slide-in-container \"><span class=\"pix-sliding-item secondary-font text-heading-default\" style=\"transition-delay: 150ms;\">ton&#32;<\/span><\/span> <span class=\"slide-in-container \"><span class=\"pix-sliding-item secondary-font text-heading-default\" style=\"transition-delay: 300ms;\">\u00c9v\u00e9nement&#32;<\/span><\/span> <span class=\"slide-in-container \"><span class=\"pix-sliding-item secondary-font text-heading-default\" style=\"transition-delay: 450ms;\">et&#32;<\/span><\/span> <span class=\"slide-in-container \"><span class=\"pix-sliding-item secondary-font text-heading-default\" style=\"transition-delay: 600ms;\">R\u00e9serve&#32;<\/span><\/span> <span class=\"slide-in-container \"><span class=\"pix-sliding-item secondary-font text-heading-default\" style=\"transition-delay: 750ms;\">ta&#32;<\/span><\/span> <span class=\"slide-in-container \"><span class=\"pix-sliding-item secondary-font text-heading-default\" style=\"transition-delay: 900ms;\">Place&#32;<\/span><\/span> <\/h3><\/div><\/div><div class=\"pix-el-text w-100  \" ><p class=\"  text-black  \" ><span class=\"text-black animate-in d-inline-block\" data-anim-delay=\"400\" data-anim-type=\"fade-in-up\">Comment t\u2019inscrire au Speed Dating ? S\u00e9lectionne ta ville, la date, et le nombre de places, puis finalise ton inscription. Pour une inscription imm\u00e9diate, privil\u00e9gie la Carte Bancaire.<\/span><\/p><\/div>[\/vc_column][vc_column width=&#8221;1\/4&#8243; css=&#8221;.vc_custom_1724189256247{padding-top: 20px !important;padding-right: 20px !important;padding-bottom: 20px !important;padding-left: 20px !important;background-color: #f8f9fa !important;border-radius: 15px !important;}&#8221;]<div  class=\"pix-heading-el text-left \"><h3 class=\"text-body-default font-weight-bold h3 heading-text el-title_custom_color mb-12\" style=\"font-size:20px;\" data-anim-type=\"\" data-anim-delay=\"0\">Des Questions?<\/h3><\/div><div class=\"pix-el-text w-100 text-left \" ><p class=\"  text-body-default text-left \" >Tu as des questions ou des probl\u00e8mes pour t&#8217;inscrire ?<\/p><\/div><div class=\"d-block w-100 text-left\"><a  href=\"https:\/\/hoptodate.com\/fr\/contact\/\" class=\"btn mb-2     btn-underline-gray-7 d-inline-flex align-items-center pix-hover-item  no-padding   secondary-font  animate-in pix-btn-div btn-md\"   data-anim-type=\"fade-in-left\" data-anim-delay=\"600\" ><svg class=\"pixfort-icon font-weight-bold  pix-hover-left  mr-2\" width=\"24\" height=\"24\"  data-name=\"Line\/pixfort-icon-arrow-right-2\" viewBox=\"2 2 20 20\"><polyline fill=\"none\" stroke=\"var(--pf-icon-color)\" stroke-linecap=\"round\" stroke-linejoin=\"round\" stroke-width=\"var(--pf-icon-stroke-width)\" points=\"9.5 17 14.5 12 9.5 7\"\/><\/svg><span class=\"font-weight-bold \" >Contactez-nous<\/span><\/a><\/div>[\/vc_column][\/vc_row][vc_row pix_particles_check=&#8221;&#8221;][vc_column][vc_raw_html css=&#8221;&#8221;]JTNDZGl2JTIwaWQlM0QlMjJhcGljb250ZW50JTIyJTNFJTNDZGl2JTIwY2xhc3MlM0QlMjJsb2FkZXJfc2V4dGlvbiUyMiUzRSUzQ3NwYW4lMjBjbGFzcyUzRCUyMmFwaWxvYWRlciUyMiUzRSUzQyUyRnNwYW4lM0UlM0MlMkZkaXYlM0UlM0MlMkZkaXYlM0U=[\/vc_raw_html][\/vc_column][\/vc_row][vc_row content_placement=&#8221;middle&#8221; pix_particles_check=&#8221;&#8221;][vc_column width=&#8221;1\/2&#8243;]<div class=\"pix-img-element d-inline-block \" style=\"width:100%;\"><div class=\"pix-img-el    text-center d-inline-block creditcard_image w-100 rounded-0\"  ><img decoding=\"async\" class=\"card-img2 pix-img-elem rounded-0  h-1002\" style=\"width:100%;height:auto;\" width=\"727\" height=\"325\" srcset=\"https:\/\/hoptodate.com\/wp-content\/uploads\/2024\/09\/paiement.jpeg 727w, https:\/\/hoptodate.com\/wp-content\/uploads\/2024\/09\/paiement-300x134.jpeg 300w\" sizes=\"(max-width: 727px) 100vw, 727px\" src=\"https:\/\/hoptodate.com\/wp-content\/uploads\/2024\/09\/paiement.jpeg\" alt=\"Image link\" \/><\/div><\/div>[\/vc_column][vc_column width=&#8221;1\/2&#8243;][vc_row_inner equal_height=&#8221;yes&#8221; content_placement=&#8221;middle&#8221;][vc_column_inner width=&#8221;1\/6&#8243; css=&#8221;.vc_custom_1726322032575{margin-top: 15px !important;}&#8221; offset=&#8221;vc_hidden-sm vc_hidden-xs&#8221;][vc_raw_html css=&#8221;.vc_custom_1726321370882{margin-bottom: 0px !important;}&#8221;]JTNDaDElMjBjbGFzcyUzRCUyMmFsaWduLXNlbGYtY2VudGVyJTIyJTNFJTNDc3BhbiUyMGNsYXNzJTNEJTIybnVtYmVyLXRpdGxlJTIwZm9udC13ZWlnaHQtYm9sZCUyMHRleHQtcHJpbWFyeSUyMiUyMHN0eWxlJTNEJTIyJTIyJTNFJTNDJTJGc3BhbiUzRSUzQ3NwYW4lMjBjbGFzcyUzRCUyMm51bWJlci10aXRsZSUyMG51bWJlciUyMGZvbnQtd2VpZ2h0LWJvbGQlMjB0ZXh0LXByaW1hcnklMjIlMjBzdHlsZSUzRCUyMiUyMiUyMGRhdGEtZHVyYXRpb24lM0QlMjIxNTAwJTIyJTIwZGF0YS10byUzRCUyMjk1JTIyJTNFOTUlM0MlMkZzcGFuJTNFJTNDc3BhbiUyMGNsYXNzJTNEJTIybnVtYmVyLXRpdGxlJTIwZm9udC13ZWlnaHQtYm9sZCUyMHRleHQtcHJpbWFyeSUyMiUyMHN0eWxlJTNEJTIyJTIyJTNFJTI1JTNDJTJGc3BhbiUzRSUzQyUyRmgxJTNF[\/vc_raw_html][\/vc_column_inner][vc_column_inner width=&#8221;5\/6&#8243; css=&#8221;.vc_custom_1726322037626{margin-top: 15px !important;}&#8221; offset=&#8221;vc_hidden-sm vc_hidden-xs&#8221;]<div class=\"pix-el-text w-100 text-left \" ><p class=\"text-18 m-0 text-body-default text-left font-weight-bold\" >de nos participants expriment leur satisfaction apr\u00e8s nos \u00e9v\u00e9nements.<\/p><\/div>[\/vc_column_inner][\/vc_row_inner][vc_row_inner equal_height=&#8221;yes&#8221; content_placement=&#8221;middle&#8221;][vc_column_inner css=&#8221;.vc_custom_1726322049821{margin-top: 15px !important;}&#8221; offset=&#8221;vc_hidden-lg vc_hidden-md&#8221;][vc_raw_html css=&#8221;.vc_custom_1726322162494{margin-bottom: 0px !important;}&#8221;]JTA5JTA5JTA5JTNDc3BhbiUyMGNsYXNzJTNEJTIybnVtYmVyLXRpdGxlJTIwZm9udC13ZWlnaHQtYm9sZCUyMHRleHQtcHJpbWFyeSUyMiUyMHN0eWxlJTNEJTIyJTIyJTNFJTNDJTJGc3BhbiUzRSUzQ3NwYW4lMjBjbGFzcyUzRCUyMm51bWJlci10aXRsZSUyMG51bWJlciUyMGZvbnQtd2VpZ2h0LWJvbGQlMjB0ZXh0LXByaW1hcnklMjIlMjBzdHlsZSUzRCUyMiUwQSUyMCUyMCUyMCUyMGZvbnQtc2l6ZSUzQSUyMDI2cHglM0IlMEElMjIlMjBkYXRhLWR1cmF0aW9uJTNEJTIyMTUwMCUyMiUyMGRhdGEtdG8lM0QlMjI5NSUyMiUzRTk1JTNDJTJGc3BhbiUzRSUzQ3NwYW4lMjBjbGFzcyUzRCUyMm51bWJlci10aXRsZSUyMGZvbnQtd2VpZ2h0LWJvbGQlMjB0ZXh0LXByaW1hcnklMjIlMjBzdHlsZSUzRCUyMiUwQSUyMCUyMCUyMCUyMGZvbnQtc2l6ZSUzQSUyMDI2cHglM0IlMEElMjIlM0UlMjUlM0MlMkZzcGFuJTNFJTIwZGUlMjBub3MlMjBwYXJ0aWNpcGFudHMlMjBleHByaW1lbnQlMjBsZXVyJTIwc2F0aXNmYWN0aW9uJTIwYXByJUMzJUE4cyUyMG5vcyUyMCVDMyVBOXYlQzMlQTluZW1lbnRzLiUwQQ==[\/vc_raw_html][\/vc_column_inner][\/vc_row_inner]<div class=\"pix-el-text w-100   vc_custom_1726320536025\" ><p class=\"text-xs m-0 text-body-default  font-weight-bold\" ><span class=\"text-body-default animate-in d-inline-block\" data-anim-delay=\"900\" data-anim-type=\"fade-in-up\">Les r\u00e9actions de 410 participants :<\/span><\/p><\/div><div id=\"duo-icon-53422786\" class=\"slide-in-container w-100   vc_custom_1726320187089\" ><div class=\"py-2 animate-in\" data-anim-type=\"fade-in-right\" data-anim-delay=\"1000\"><div class=\"pix-feature-list text-xs justify-content-start font-weight-bold     py-2 d-flex align-items-center\" ><div class=\"d-inline-flex align-items-center pix-mr-10 text-primary\" style=\"font-size:1.2em;position:relative;line-height:1em;text-align:center;\"><svg class=\"pixfort-icon \" width=\"24\" height=\"24\"  data-name=\"Duotone\/pixfort-icon-slightly-smiling-face-2\" viewBox=\"2 2 20 20\"><g fill=\"none\" fill-rule=\"evenodd\"><path fill=\"var(--pf-icon-color)\" fill-opacity=\".25\" d=\"M12,2 C6.4771525,2 2,6.4771525 2,12 C2,17.5228475 6.4771525,22 12,22 C17.5228475,22 22,17.5228475 22,12 C22,6.4771525 17.5228475,2 12,2 Z\"\/><path fill=\"var(--pf-icon-color)\" d=\"M7.41506925,14.2334842 C7.85426629,13.8986344 8.48175525,13.9832246 8.81660507,14.4224216 C9.56955634,15.4100105 10.7349188,16 12,16 C13.2649258,16 14.4301605,15.4101569 15.1831271,14.4227728 C15.5180252,13.9836126 16.1455234,13.8990914 16.5846837,14.2339894 C17.0238439,14.5688875 17.1083651,15.1963858 16.7734671,15.635546 C15.6461275,17.1138547 13.895548,18 12,18 C10.1042186,18 8.35344846,17.1136355 7.22613189,15.6350201 C6.89128207,15.195823 6.9758722,14.5683341 7.41506925,14.2334842 Z\"\/><\/g><\/svg><\/div><span class=\"text-primary\">248 ont appr\u00e9ci\u00e9 la soir\u00e9e<\/span><\/div><div class=\"pix-feature-list text-xs justify-content-start font-weight-bold     py-2 d-flex align-items-center\" ><div class=\"d-inline-flex align-items-center pix-mr-10 text-primary\" style=\"font-size:1.2em;position:relative;line-height:1em;text-align:center;\"><svg class=\"pixfort-icon \" width=\"24\" height=\"24\"  data-name=\"Duotone\/pixfort-icon-gift-1\" viewBox=\"2 2 20 20\"><g fill=\"none\" fill-rule=\"evenodd\"><path fill=\"var(--pf-icon-color)\" fill-opacity=\".25\" d=\"M18.75,6 C20.5484812,6 22,7.47455877 22,9.28571429 L22,18.7142857 C22,20.5254412 20.5484812,22 18.75,22 L5.25,22 C3.45151879,22 2,20.5254412 2,18.7142857 L2,9.28571429 C2,7.47455877 3.45151879,6 5.25,6 Z M16.1428571,8.00437948 C15.7549196,8.00437948 15.3710454,8.08338131 15.0146342,8.23656933 L12.5421777,9.29924822 L11.4578223,9.29924822 L8.98536581,8.23656933 C8.62895457,8.08338131 8.24508041,8.00437948 7.85714286,8.00437948 C7.06816464,8.00437948 6.35387893,8.32417608 5.83683777,8.84121724 C5.31752438,9.36053063 4.99719301,10.078826 5,10.8719286 L5.06807675,14.4830667 C5.25243502,15.3068579 5.76960341,15.9611922 6.4414184,16.3444348 L6.61794958,16.4371763 C6.73777084,16.494913 6.86170889,16.544382 6.9888589,16.585067 L7.095,16.615 L6.92236302,16.8683716 C6.60995305,17.3235148 6.5115597,17.8624313 6.60513745,18.3656491 C6.69871521,18.8688668 6.98426408,19.3363859 7.43960372,19.6489307 C7.89494336,19.9614755 8.43385985,20.0598689 8.93707763,19.9662911 L9.10241004,19.9282723 C9.53895195,19.8082998 9.93730565,19.5402538 10.2150984,19.1394522 L12.142,16.745 L13.7793302,19.1313723 C14.1063299,19.6080513 14.6002095,19.9008292 15.1549992,19.9684583 C15.6313573,20.0265266 16.1659492,19.9185537 16.7569957,19.4952299 C17.1310605,19.1633157 17.3564327,18.7137566 17.4139598,18.2414168 L17.4275878,18.0656487 C17.4413955,17.6539707 17.3287093,17.2343686 17.0778127,16.8686277 L16.896,16.604 L17.0613708,16.5469709 C17.2959927,16.4565833 17.5212607,16.3307533 17.7325282,16.1695104 C18.3014024,15.7353361 18.7864294,15.0203027 19,13.9687363 L19,10.8615223 C19,10.0725441 18.6802034,9.3582584 18.1631622,8.84121724 C17.6461211,8.32417608 16.9318354,8.00437948 16.1428571,8.00437948 Z M16.9369135,2 C18.0845548,2 19.1316329,2.65473087 19.6340968,3.68653054 L20.4476684,5.35536046 C19.9278576,5.12675158 19.3538042,5 18.75,5 L5.25,5 C4.64254648,5 4.06520442,5.12828837 3.54291237,5.35951672 L4.36575262,3.68103819 C4.86934832,2.65224457 5.91481781,2 7.06025438,2 L16.9369135,2 Z\"\/><path fill=\"var(--pf-icon-color)\" d=\"M13,2 L13,10.19 L15.4095122,9.15530288 C15.5832627,9.08062372 15.7670543,9.03306889 15.9544705,9.01395892 L16.1428571,9.00437948 C17.1685288,9.00437948 18,9.83585065 18,10.8615223 L17.999,11.5 L22,11.5 L22,13.5 L17.999,13.5 L18,13.8627036 C18,14.0282251 17.9778718,14.1930037 17.9342034,14.352661 C17.6636074,15.3419942 16.642233,15.9246458 15.6528998,15.6540498 L14.889,15.445 L16.2531921,17.4343138 C16.5415796,17.8547065 16.4649836,18.4174259 16.0932887,18.7472372 L15.9942576,18.8246206 C15.5388322,19.1370405 14.9163706,19.0211115 14.6039508,18.5656862 L13,16.227 L13,22 L11,22 L11,16.228 L9.39589393,18.5659124 C9.10739103,18.9862259 8.55478998,19.1171919 8.11334459,18.8890285 L8.00551615,18.8244654 C7.5501765,18.5119206 7.43441841,17.8894272 7.74696321,17.4340876 L9.112,15.445 L8.34710022,15.6540498 C7.35776701,15.9246458 6.33639259,15.3419942 6.06579661,14.352661 C6.0221282,14.1930037 6,14.0282251 6,13.8627036 L5.999,13.5 L2,13.5 L2,11.5 L5.999,11.5 L6,10.8615223 C6,9.83585065 6.83147118,9.00437948 7.85714286,9.00437948 C8.10930226,9.00437948 8.35882047,9.05573067 8.59048778,9.15530288 L11,10.191 L11,2 L13,2 Z M12,11.7658472 C11.6178345,11.7658472 11.2857143,12.1162276 11.2857143,12.5743854 C11.2857143,13.0325433 11.6178345,13.3829236 12,13.3829236 C12.3821655,13.3829236 12.7142857,13.0325433 12.7142857,12.5743854 C12.7142857,12.1162276 12.3821655,11.7658472 12,11.7658472 Z\"\/><\/g><\/svg><\/div><span class=\"text-primary\">140 ont \u00e9t\u00e9 agr\u00e9ablement surpris par la soir\u00e9e<\/span><\/div><div class=\"pix-feature-list text-xs justify-content-start font-weight-bold     py-2 d-flex align-items-center\" ><div class=\"d-inline-flex align-items-center pix-mr-10 text-primary\" style=\"font-size:1.2em;position:relative;line-height:1em;text-align:center;\"><svg class=\"pixfort-icon \" width=\"24\" height=\"24\"  data-name=\"Duotone\/pixfort-icon-sad-face-2\" viewBox=\"2 2 20 20\"><g fill=\"none\" fill-rule=\"evenodd\"><path fill=\"var(--pf-icon-color)\" fill-opacity=\".25\" d=\"M12,2 C6.4771525,2 2,6.4771525 2,12 C2,17.5228475 6.4771525,22 12,22 C17.5228475,22 22,17.5228475 22,12 C22,6.4771525 17.5228475,2 12,2 Z\"\/><path fill=\"var(--pf-icon-color)\" d=\"M7.41506925,13.2334842 C7.85426629,12.8986344 8.48175525,12.9832246 8.81660507,13.4224216 C9.56955634,14.4100105 10.7349188,15 12,15 C13.2649258,15 14.4301605,14.4101569 15.1831271,13.4227728 C15.5180252,12.9836126 16.1455234,12.8990914 16.5846837,13.2339894 C17.0238439,13.5688875 17.1083651,14.1963858 16.7734671,14.635546 C15.6461275,16.1138547 13.895548,17 12,17 C10.1042186,17 8.35344846,16.1136355 7.22613189,14.6350201 C6.89128207,14.195823 6.9758722,13.5683341 7.41506925,13.2334842 Z\" transform=\"matrix(1 0 0 -1 0 30.029)\"\/><\/g><\/svg><\/div><span class=\"text-primary\">22 n\u2019ont pas appr\u00e9ci\u00e9 la soir\u00e9e<\/span><\/div><div class=\"pix-feature-list text-xs justify-content-start font-weight-bold     py-2 d-flex align-items-center\" ><div class=\"d-inline-flex align-items-center pix-mr-10 text-primary\" style=\"font-size:1.2em;position:relative;line-height:1em;text-align:center;\"><svg class=\"pixfort-icon \" width=\"24\" height=\"24\"  data-name=\"Duotone\/pixfort-icon-calculator-1\" viewBox=\"2 2 20 20\"><g fill=\"none\" fill-rule=\"evenodd\"><path fill=\"var(--pf-icon-color)\" fill-opacity=\".25\" d=\"M18,2 L6,2 C4.34314575,2 3,3.34314575 3,5 L3,19 C3,20.6568542 4.34314575,22 6,22 L18,22 C19.6568542,22 21,20.6568542 21,19 L21,5 C21,3.34314575 19.6568542,2 18,2 Z\"\/><path fill=\"var(--pf-icon-color)\" d=\"M6,4 L18,4 C18.5522847,4 19,4.44771525 19,5 L19,8 C19,8.55228475 18.5522847,9 18,9 L6,9 C5.44771525,9 5,8.55228475 5,8 L5,5 C5,4.44771525 5.44771525,4 6,4 Z M6,10 L7,10 C7.55228475,10 8,10.4477153 8,11 L8,12 C8,12.5522847 7.55228475,13 7,13 L6,13 C5.44771525,13 5,12.5522847 5,12 L5,11 C5,10.4477153 5.44771525,10 6,10 Z M10,10 L11,10 C11.5522847,10 12,10.4477153 12,11 L12,12 C12,12.5522847 11.5522847,13 11,13 L10,13 C9.44771525,13 9,12.5522847 9,12 L9,11 C9,10.4477153 9.44771525,10 10,10 Z M14,10 L15,10 C15.5522847,10 16,10.4477153 16,11 L16,12 C16,12.5522847 15.5522847,13 15,13 L14,13 C13.4477153,13 13,12.5522847 13,12 L13,11 C13,10.4477153 13.4477153,10 14,10 Z M14,14 L15,14 C15.5522847,14 16,14.4477153 16,15 L16,16 C16,16.5522847 15.5522847,17 15,17 L14,17 C13.4477153,17 13,16.5522847 13,16 L13,15 C13,14.4477153 13.4477153,14 14,14 Z M10,14 L11,14 C11.5522847,14 12,14.4477153 12,15 L12,16 C12,16.5522847 11.5522847,17 11,17 L10,17 C9.44771525,17 9,16.5522847 9,16 L9,15 C9,14.4477153 9.44771525,14 10,14 Z M6,14 L7,14 C7.55228475,14 8,14.4477153 8,15 L8,16 C8,16.5522847 7.55228475,17 7,17 L6,17 C5.44771525,17 5,16.5522847 5,16 L5,15 C5,14.4477153 5.44771525,14 6,14 Z M14,18 L15,18 C15.5522847,18 16,18.4477153 16,19 C16,19.5522847 15.5522847,20 15,20 L14,20 C13.4477153,20 13,19.5522847 13,19 C13,18.4477153 13.4477153,18 14,18 Z M18,10 C18.5522847,10 19,10.4477153 19,11 L19,14 C19,14.5522847 18.5522847,15 18,15 C17.4477153,15 17,14.5522847 17,14 L17,11 C17,10.4477153 17.4477153,10 18,10 Z M18,16 C18.5522847,16 19,16.4477153 19,17 L19,19 C19,19.5522847 18.5522847,20 18,20 C17.4477153,20 17,19.5522847 17,19 L17,17 C17,16.4477153 17.4477153,16 18,16 Z M6,18 L7,18 C7.55228475,18 8,18.4477153 8,19 C8,19.5522847 7.55228475,20 7,20 L6,20 C5.44771525,20 5,19.5522847 5,19 C5,18.4477153 5.44771525,18 6,18 Z M10,18 L11,18 C11.5522847,18 12,18.4477153 12,19 C12,19.5522847 11.5522847,20 11,20 L10,20 C9.44771525,20 9,19.5522847 9,19 C9,18.4477153 9.44771525,18 10,18 Z\"\/><\/g><\/svg><\/div><span class=\"text-primary\">95% ont donc appr\u00e9ci\u00e9 la soir\u00e9e.<\/span><\/div><\/div><\/div>[\/vc_column][\/vc_row][\/vc_section]<\/p>\r\n<\/div>","protected":false},"excerpt":{"rendered":"[vc_section full_width=&#8221;stretch_row&#8221; pix_over_visibility=&#8221;&#8221; css=&#8221;.vc_custom_1717182659589{padding-top: 5% !important;padding-bottom: 5% !important;background-color: #ffffff !important;}&#8221; el_id=&#8221;inscription&#8221;][vc_row content_placement=&#8221;middle&#8221; pix_particles_check=&#8221;&#8221; css=&#8221;.vc_custom_1647095614284{padding-bottom: 40px !important;}&#8221;][vc_column width=&#8221;3\/4&#8243; css=&#8221;.vc_custom_1724189176272{margin-right: 3% !important;}&#8221;][\/vc_column][vc_column width=&#8221;1\/4&#8243; css=&#8221;.vc_custom_1724189256247{padding-top: 20px !important;padding-right: 20px !important;padding-bottom: 20px !important;padding-left: 20px !important;background-color: #f8f9fa !important;border-radius: 15px !important;}&#8221;][\/vc_column][\/vc_row][vc_row pix_particles_check=&#8221;&#8221;][vc_column][vc_raw_html css=&#8221;&#8221;]JTNDZGl2JTIwaWQlM0QlMjJhcGljb250ZW50JTIyJTNFJTNDZGl2JTIwY2xhc3MlM0QlMjJsb2FkZXJfc2V4dGlvbiUyMiUzRSUzQ3NwYW4lMjBjbGFzcyUzRCUyMmFwaWxvYWRlciUyMiUzRSUzQyUyRnNwYW4lM0UlM0MlMkZkaXYlM0UlM0MlMkZkaXYlM0U=[\/vc_raw_html][\/vc_column][\/vc_row][vc_row content_placement=&#8221;middle&#8221; pix_particles_check=&#8221;&#8221;][vc_column width=&#8221;1\/2&#8243;][\/vc_column][vc_column width=&#8221;1\/2&#8243;][vc_row_inner&#8230;","protected":false},"author":1,"featured_media":0,"parent":0,"menu_order":0,"comment_status":"closed","ping_status":"closed","template":"","meta":{"footnotes":""},"class_list":["post-4963","page","type-page","status-publish","hentry"],"yoast_head":"<!-- This site is optimized with the Yoast SEO plugin v27.2 - https:\/\/yoast.com\/product\/yoast-seo-wordpress\/ -->\n<title>R\u00e9servez Vos Tickets pour le Speed Dating | HopToDate<\/title>\n<meta name=\"description\" content=\"Participez \u00e0 des soir\u00e9es Speed Dating inoubliables avec HopToDate. Rencontrez des c\u00e9libataires pr\u00e8s de chez vous. R\u00e9servez vos tickets maintenant!\" \/>\n<meta name=\"robots\" content=\"index, follow, max-snippet:-1, max-image-preview:large, max-video-preview:-1\" \/>\n<link rel=\"canonical\" href=\"https:\/\/hoptodate.com\/fr\/tickets\/\" \/>\n<meta property=\"og:locale\" content=\"fr_FR\" \/>\n<meta property=\"og:type\" content=\"article\" \/>\n<meta property=\"og:title\" content=\"R\u00e9servez Vos Tickets pour le Speed Dating | HopToDate\" \/>\n<meta property=\"og:description\" content=\"Participez \u00e0 des soir\u00e9es Speed Dating inoubliables avec HopToDate. Rencontrez des c\u00e9libataires pr\u00e8s de chez vous. R\u00e9servez vos tickets maintenant!\" \/>\n<meta property=\"og:url\" content=\"https:\/\/hoptodate.com\/fr\/tickets\/\" \/>\n<meta property=\"og:site_name\" content=\"HopToDate\" \/>\n<meta property=\"article:modified_time\" content=\"2025-10-30T17:05:34+00:00\" \/>\n<meta name=\"twitter:card\" content=\"summary_large_image\" \/>\n<meta name=\"twitter:label1\" content=\"Dur\u00e9e de lecture estim\u00e9e\" \/>\n\t<meta name=\"twitter:data1\" content=\"1 minute\" \/>\n<script type=\"application\/ld+json\" class=\"yoast-schema-graph\">{\"@context\":\"https:\/\/schema.org\",\"@graph\":[{\"@type\":\"WebPage\",\"@id\":\"https:\/\/hoptodate.com\/fr\/tickets\/\",\"url\":\"https:\/\/hoptodate.com\/fr\/tickets\/\",\"name\":\"R\u00e9servez Vos Tickets pour le Speed Dating | HopToDate\",\"isPartOf\":{\"@id\":\"https:\/\/hoptodate.com\/fr\/#website\"},\"datePublished\":\"2022-05-03T11:50:51+00:00\",\"dateModified\":\"2025-10-30T17:05:34+00:00\",\"description\":\"Participez \u00e0 des soir\u00e9es Speed Dating inoubliables avec HopToDate. Rencontrez des c\u00e9libataires pr\u00e8s de chez vous. R\u00e9servez vos tickets maintenant!\",\"breadcrumb\":{\"@id\":\"https:\/\/hoptodate.com\/fr\/tickets\/#breadcrumb\"},\"inLanguage\":\"fr-fr\",\"potentialAction\":[{\"@type\":\"ReadAction\",\"target\":[\"https:\/\/hoptodate.com\/fr\/tickets\/\"]}]},{\"@type\":\"BreadcrumbList\",\"@id\":\"https:\/\/hoptodate.com\/fr\/tickets\/#breadcrumb\",\"itemListElement\":[{\"@type\":\"ListItem\",\"position\":1,\"name\":\"Home\",\"item\":\"https:\/\/hoptodate.com\/fr\/\"},{\"@type\":\"ListItem\",\"position\":2,\"name\":\"Tickets\"}]},{\"@type\":\"WebSite\",\"@id\":\"https:\/\/hoptodate.com\/fr\/#website\",\"url\":\"https:\/\/hoptodate.com\/fr\/\",\"name\":\"hoptodate\",\"description\":\"Speeddaten, barhoppen, datingsite-app, Singleborrels met HopToDate\",\"publisher\":{\"@id\":\"https:\/\/hoptodate.com\/fr\/#organization\"},\"potentialAction\":[{\"@type\":\"SearchAction\",\"target\":{\"@type\":\"EntryPoint\",\"urlTemplate\":\"https:\/\/hoptodate.com\/fr\/?s={search_term_string}\"},\"query-input\":{\"@type\":\"PropertyValueSpecification\",\"valueRequired\":true,\"valueName\":\"search_term_string\"}}],\"inLanguage\":\"fr-fr\"},{\"@type\":\"Organization\",\"@id\":\"https:\/\/hoptodate.com\/fr\/#organization\",\"name\":\"hoptodate\",\"url\":\"https:\/\/hoptodate.com\/fr\/\",\"logo\":{\"@type\":\"ImageObject\",\"inLanguage\":\"fr-fr\",\"@id\":\"https:\/\/hoptodate.com\/fr\/#\/schema\/logo\/image\/\",\"url\":\"https:\/\/hoptodate.com\/wp-content\/uploads\/2022\/09\/HTDlogo.png\",\"contentUrl\":\"https:\/\/hoptodate.com\/wp-content\/uploads\/2022\/09\/HTDlogo.png\",\"width\":1920,\"height\":500,\"caption\":\"hoptodate\"},\"image\":{\"@id\":\"https:\/\/hoptodate.com\/fr\/#\/schema\/logo\/image\/\"}}]}<\/script>\n<!-- \/ Yoast SEO plugin. -->","yoast_head_json":{"title":"R\u00e9servez Vos Tickets pour le Speed Dating | HopToDate","description":"Participez \u00e0 des soir\u00e9es Speed Dating inoubliables avec HopToDate. Rencontrez des c\u00e9libataires pr\u00e8s de chez vous. R\u00e9servez vos tickets maintenant!","robots":{"index":"index","follow":"follow","max-snippet":"max-snippet:-1","max-image-preview":"max-image-preview:large","max-video-preview":"max-video-preview:-1"},"canonical":"https:\/\/hoptodate.com\/fr\/tickets\/","og_locale":"fr_FR","og_type":"article","og_title":"R\u00e9servez Vos Tickets pour le Speed Dating | HopToDate","og_description":"Participez \u00e0 des soir\u00e9es Speed Dating inoubliables avec HopToDate. Rencontrez des c\u00e9libataires pr\u00e8s de chez vous. R\u00e9servez vos tickets maintenant!","og_url":"https:\/\/hoptodate.com\/fr\/tickets\/","og_site_name":"HopToDate","article_modified_time":"2025-10-30T17:05:34+00:00","twitter_card":"summary_large_image","twitter_misc":{"Dur\u00e9e de lecture estim\u00e9e":"1 minute"},"schema":{"@context":"https:\/\/schema.org","@graph":[{"@type":"WebPage","@id":"https:\/\/hoptodate.com\/fr\/tickets\/","url":"https:\/\/hoptodate.com\/fr\/tickets\/","name":"R\u00e9servez Vos Tickets pour le Speed Dating | HopToDate","isPartOf":{"@id":"https:\/\/hoptodate.com\/fr\/#website"},"datePublished":"2022-05-03T11:50:51+00:00","dateModified":"2025-10-30T17:05:34+00:00","description":"Participez \u00e0 des soir\u00e9es Speed Dating inoubliables avec HopToDate. Rencontrez des c\u00e9libataires pr\u00e8s de chez vous. R\u00e9servez vos tickets maintenant!","breadcrumb":{"@id":"https:\/\/hoptodate.com\/fr\/tickets\/#breadcrumb"},"inLanguage":"fr-fr","potentialAction":[{"@type":"ReadAction","target":["https:\/\/hoptodate.com\/fr\/tickets\/"]}]},{"@type":"BreadcrumbList","@id":"https:\/\/hoptodate.com\/fr\/tickets\/#breadcrumb","itemListElement":[{"@type":"ListItem","position":1,"name":"Home","item":"https:\/\/hoptodate.com\/fr\/"},{"@type":"ListItem","position":2,"name":"Tickets"}]},{"@type":"WebSite","@id":"https:\/\/hoptodate.com\/fr\/#website","url":"https:\/\/hoptodate.com\/fr\/","name":"hoptodate","description":"Speeddaten, barhoppen, datingsite-app, Singleborrels met HopToDate","publisher":{"@id":"https:\/\/hoptodate.com\/fr\/#organization"},"potentialAction":[{"@type":"SearchAction","target":{"@type":"EntryPoint","urlTemplate":"https:\/\/hoptodate.com\/fr\/?s={search_term_string}"},"query-input":{"@type":"PropertyValueSpecification","valueRequired":true,"valueName":"search_term_string"}}],"inLanguage":"fr-fr"},{"@type":"Organization","@id":"https:\/\/hoptodate.com\/fr\/#organization","name":"hoptodate","url":"https:\/\/hoptodate.com\/fr\/","logo":{"@type":"ImageObject","inLanguage":"fr-fr","@id":"https:\/\/hoptodate.com\/fr\/#\/schema\/logo\/image\/","url":"https:\/\/hoptodate.com\/wp-content\/uploads\/2022\/09\/HTDlogo.png","contentUrl":"https:\/\/hoptodate.com\/wp-content\/uploads\/2022\/09\/HTDlogo.png","width":1920,"height":500,"caption":"hoptodate"},"image":{"@id":"https:\/\/hoptodate.com\/fr\/#\/schema\/logo\/image\/"}}]}},"_links":{"self":[{"href":"https:\/\/hoptodate.com\/fr\/wp-json\/wp\/v2\/pages\/4963","targetHints":{"allow":["GET"]}}],"collection":[{"href":"https:\/\/hoptodate.com\/fr\/wp-json\/wp\/v2\/pages"}],"about":[{"href":"https:\/\/hoptodate.com\/fr\/wp-json\/wp\/v2\/types\/page"}],"author":[{"embeddable":true,"href":"https:\/\/hoptodate.com\/fr\/wp-json\/wp\/v2\/users\/1"}],"replies":[{"embeddable":true,"href":"https:\/\/hoptodate.com\/fr\/wp-json\/wp\/v2\/comments?post=4963"}],"version-history":[{"count":10,"href":"https:\/\/hoptodate.com\/fr\/wp-json\/wp\/v2\/pages\/4963\/revisions"}],"predecessor-version":[{"id":16158,"href":"https:\/\/hoptodate.com\/fr\/wp-json\/wp\/v2\/pages\/4963\/revisions\/16158"}],"wp:attachment":[{"href":"https:\/\/hoptodate.com\/fr\/wp-json\/wp\/v2\/media?parent=4963"}],"curies":[{"name":"wp","href":"https:\/\/api.w.org\/{rel}","templated":true}]}}