{"id":8162,"date":"2024-06-20T15:31:17","date_gmt":"2024-06-20T15:31:17","guid":{"rendered":"https:\/\/hoptodate.com\/politique-de-confidentialite\/"},"modified":"2024-10-27T10:55:06","modified_gmt":"2024-10-27T10:55:06","slug":"politique-de-confidentialite","status":"publish","type":"page","link":"https:\/\/hoptodate.com\/fr\/politique-de-confidentialite\/","title":{"rendered":"Politique de confidentialit\u00e9"},"content":{"rendered":"<div class=\"wpb-content-wrapper\">[vc_row pix_particles_check=&#8221;&#8221;][vc_column][vc_column_text css=&#8221;&#8221;]\r\n<h1>Conditions de la vie priv\u00e9e (GDPR) &#8211; adapt\u00e9 le 19 mars 2018<\/h1>\r\n<div class=\"section\">\r\n\r\n<a name=\"text798\"><\/a>La SPRL Smartflash (ci-apr\u00e8s Smartflash), responsable du traitement des donn\u00e9es, propose une plateforme d&#8217;activit\u00e9s pour c\u00e9libataires sur son site web www.flashdate.be, qui les assiste dans la rencontre d&#8217;autres c\u00e9libataires par la participation \u00e0 des \u00e9v\u00e9nements.\r\n\r\nLa pr\u00e9sente politique de protection des donn\u00e9es explique en termes clairs quelles sont les donn\u00e9es de ses utilisateurs que Smartflash traite, comment elle s&#8217;efforce de prot\u00e9ger de fa\u00e7on optimale les donn\u00e9es de ses utilisateurs et quels sont les droits que les utilisateurs peuvent exercer.\r\n\r\nEn utilisant le site web de Smartflash et les services qui y sont li\u00e9s, l&#8217;utilisateur accepte les pratiques d\u00e9crites dans cette politique de protection des donn\u00e9es.\r\n\r\nL&#8217;utilisateur se doit de lire soigneusement la politique de protection des donn\u00e9es avant de recourir aux services propos\u00e9s par Smartflash. Au cas o\u00f9 l&#8217;utilisateur\/trice aurait des questions concernant la politique de Smartflash, il\/elle peut contacter Smartflash par \u00e9crit \u00e0 l&#8217;adresse ci-apr\u00e8s:\r\n\r\nSPRL Smartflash\r\nBergendriesstraat 39\r\n9160 Lokeren, Belgique\r\nInfo@hoptodate.com\r\n\r\nVous pouvez \u00e9galement prendre contact avec notre Data Protection Officer:\r\n\r\nBelexa Advocaten\r\nPresident Kennedypark 26a\r\n8500 Kortrijk, Belgique\r\n<h2>1. TRAITEMENT DES DONNEES<\/h2>\r\n<h3>Article 1. Consentement<\/h3>\r\n1.1. Par son inscription, l&#8217;utilisateur\/trice donne son consentement \u00e0 Smartflash &#8211; et aux op\u00e9rateurs qui agissent au nom de Smartflash ou \u00e0 la demande de celle-ci &#8211; en vue du traitement de ses donn\u00e9es personnelles.\r\n\r\n1.2. Si les donn\u00e9es personnelles sont utilis\u00e9es \u00e0 des fins pour lesquelles le consentement de l&#8217;utilisateur est requis, l&#8217;utilisateur se verra toujours demander son consentement explicite et \u00e9crit.\r\n<h3>Article 2. Collecte de donn\u00e9es<\/h3>\r\n2.1. Pour que Smartflash puisse fournir les services d\u00e9taill\u00e9s dans ses Conditions G\u00e9n\u00e9rales, il faut que Smartflash puisse collecter et conserver les donn\u00e9es personnelles que l&#8217;utilisateur communique notamment dans le cadre de la proc\u00e9dure d&#8217;inscription tant que Smartflash le juge utile ou jusqu&#8217;\u00e0 ce que l&#8217;utilisateur demande de supprimer ces donn\u00e9es.\r\n\r\nL&#8217;acc\u00e8s \u00e0 la plateforme Flashdate s&#8217;op\u00e8re \u00e0 l&#8217;aide de l&#8217;adresse e-mail fournie par l&#8217;utilisateur et par le mot de passe choisi par lui\/elle (les donn\u00e9es de connexion)\r\n\r\nLors de l&#8217;inscription, l&#8217;utilisateur doit compl\u00e9ter une s\u00e9rie de donn\u00e9es qui sont n\u00e9cessaires pour le respect du contrat et qui sont sp\u00e9cifi\u00e9es s\u00e9par\u00e9ment comme telles. Ces donn\u00e9es obligatoires sont les suivantes:\r\n\r\n&#8211; Langue;\r\n&#8211; Sexe;\r\n&#8211; Pr\u00e9nom;\r\n&#8211; Nom;\r\n&#8211; Localit\u00e9;\r\n&#8211; Num\u00e9ro de gsm;\r\n&#8211; Date de naissance;\r\n&#8211; Adresse e-mail;\r\n&#8211; Mot de passe;\r\n&#8211; Activit\u00e9 \u00e0 laquelle on souhaite participer.\r\n\r\nEn outre, il se peut que d&#8217;autres donn\u00e9es soient d\u00e9j\u00e0 demand\u00e9es dans le cadre de l&#8217;inscription:\r\n&#8211; Profession;\r\n&#8211; Enfants;\r\n&#8211; Niveau d&#8217;\u00e9tudes;\r\n&#8211; D\u00e9sir d&#8217;enfant;\r\n&#8211; Taille;\r\n&#8211; O\u00f9 l&#8217;utilisateur a entendu parler de Flashdate.\r\n\r\nDe plus, des donn\u00e9es suppl\u00e9mentaires peuvent \u00eatre demand\u00e9es dans le cadre d&#8217;une annulation ou d&#8217;un remboursement:\r\n&#8211; Motif de remboursement;\r\n&#8211; Num\u00e9ro IBAN.\r\n\r\nLes donn\u00e9es mentionn\u00e9es ci-dessus sont collect\u00e9es lorsqu&#8217;un utilisateur choisit de s&#8217;inscrire \u00e0 une activit\u00e9 de Flashdate.\r\nSeuls le pr\u00e9nom, la premi\u00e8re lettre du nom et la localit\u00e9 sont partag\u00e9s avec les autres participants \u00e0 une m\u00eame activit\u00e9.\r\nApr\u00e8s la participation, Flashdate enregistre \u00e9galement quelles personnes ont d\u00e9sign\u00e9 l&#8217;utilisateur comme pr\u00e9f\u00e9rence et \u00e0 quelles activit\u00e9s l&#8217;utilisateur a particip\u00e9. Lorsque l&#8217;utilisateur d\u00e9signe un autre participant comme pr\u00e9f\u00e9rence, il\/elle se marque son accord pour partager soit son adresse e-mail, soit son num\u00e9ro de t\u00e9l\u00e9phone avec la personne de son choix si cet int\u00e9r\u00eat est r\u00e9ciproque.\r\n\r\nA chaque connexion au site web de Flashdate, les donn\u00e9es d&#8217;utilisateur sont transmises par le navigateur web concern\u00e9 et stock\u00e9es dans des fichiers de protocole. Ces donn\u00e9es sont les suivantes:\r\n&#8211; adresse IP de l&#8217;utilisateur;\r\n&#8211; identification de l&#8217;utilisateur sur la plateforme Flashdate;\r\n&#8211; nom du site consult\u00e9;\r\n&#8211; date et heure de la consultation;\r\n&#8211; URL de r\u00e9f\u00e9rencement (URL d&#8217;origine), \u00e0 partir duquel l&#8217;utilisateur est arriv\u00e9 sur le site web consult\u00e9;\r\n&#8211; quantit\u00e9 des donn\u00e9es transmises;\r\n&#8211; rapport de succ\u00e8s de la consultation;\r\n&#8211; identifiant de session.\r\n\r\nLes donn\u00e9es d&#8217;utilisateur suivantes sont stock\u00e9es dans les &#8220;enregistrements de connexion&#8221; chaque fois que l&#8217;utilisateur se connecte au site web:\r\n&#8211; date et heure de connexion;\r\n&#8211; identification de l&#8217;utilisateur sur la plateforme Flashdate;\r\n&#8211; adresse IP (adresse Internet Protocol);\r\n&#8211; num\u00e9ro du cookie de session;\r\n&#8211; identifiant de session.\r\n\r\n2.2. Pour l&#8217;analyse internet, Smartflash recourt \u00e0 \u2018Google Analytics&#8217;, un service de la soci\u00e9t\u00e9 Google Inc. Via le lien suivant, vous pouvez faire en sorte que le stockage et le traitement de ces donn\u00e9es ne sont plus possible \u00e0 l&#8217;avenir:\u00a0<a href=\"http:\/\/tools.google.com\/dlpage\/gaoptout?hl=fr\" target=\"_blank\" rel=\"noopener\">http:\/\/tools.google.com\/dlpage\/gaoptout?hl=fr<\/a>.\r\n\r\n2.3. Smartflash utilise des &#8220;cookies&#8221; afin d&#8217;optimaliser et individualiser l&#8217;exp\u00e9rience et le temps pass\u00e9 en ligne par les utilisateurs.\r\n\r\nSmartflash utilise des cookies de session, des cookies de partenaires et de programmes d&#8217;affiliation, des cookies de mesure ainsi que des cookies permanents.\r\n\r\nL&#8217;utilisateur dispose \u00e0 tout moment de la possibilit\u00e9 de refuser le placement de cookies en r\u00e9glant les param\u00e8tres de son navigateur web, ce qui peut avoir un impact n\u00e9gatif sur les services propos\u00e9s par Smartflash.\r\n\r\n2.4. Smartflash utilise le pixel Facebook pour pouvoir fournir des publicit\u00e9s personnalis\u00e9es aux visiteurs et pour faire du &#8220;profiling&#8221;. Vous pouvez emp\u00eacher cette modalit\u00e9 de traitement dans vos param\u00e8tres personnels sur Facebook.\r\n\r\n&nbsp;\r\n<h3>Article 3. Utilisation des donn\u00e9es<\/h3>\r\nSmartflash collecte principalement des donn\u00e9es personnelles en vue d&#8217;offrir \u00e0 l&#8217;utilisateur une exp\u00e9rience s\u00fbre, qualitative, ax\u00e9e sur les r\u00e9sultats et personnalis\u00e9e pendant l&#8217;utilisation de ses services. Plus pr\u00e9cis\u00e9ment, les donn\u00e9es sont utilis\u00e9es aux fins suivantes:\r\n\r\na. La tenue de listes de participants et d&#8217;invit\u00e9s pour ses activit\u00e9s;\r\nb. Les contacts avec ces personnes dans le cadre de l&#8217;organisation de ses activit\u00e9s;\r\nc. L&#8217;\u00e9change de donn\u00e9es personnelles et de contact lors d&#8217;une mise en relation;\r\nd. La diffusion d&#8217;information au sujet de nouvelles activit\u00e9s ou d&#8217;autres actualit\u00e9s concernant SmartFlash ou ses partenaires. Avec des offres et des activit\u00e9s des partenaires de Smartflash, \u00e0 condition que l&#8217;utilisateur indique lui-m\u00eame qu&#8217;il veut \u00eatre tenu au courant. L&#8217;utilisateur\/trice peut se d\u00e9sabonner \u00e0 tout moment du bulletin d&#8217;information en modifiant les pr\u00e9f\u00e9rences dans son compte;\r\ne. La r\u00e9alisation d&#8217;ajustements et d&#8217;am\u00e9lioration des services de Smartflash;\r\nf. La fourniture d&#8217;un support client correct;\r\ng. D\u00e9tecter et emp\u00eacher des actions ill\u00e9gales ou des activit\u00e9s enfreignant les Conditions G\u00e9n\u00e9rales de Smartflash.\r\n<h3>Article 4. Partage avec des tiers<\/h3>\r\n4.1. Quand des donn\u00e9es sont transmises \u00e0 d&#8217;autres utilisateurs dans le cadre des services fournis par Smartflash, ceci se fait exclusivement sous le nom donn\u00e9 par l&#8217;utilisateur.\r\n\r\n4.2. Les donn\u00e9es personnelles ne sont transmises \u00e0 des tiers sous forme d\u00e9sanonymis\u00e9e que dans les cas suivants:\r\n&#8211; Si c&#8217;est n\u00e9cessaire pour fournir le service offert (par ex. traitement de paiements);\r\n&#8211; Si l&#8217;utilisateur\/trice a donn\u00e9 son consentiment explicite \u00e0 cette fin (par ex. pour la publication d&#8217;un t\u00e9moignage);\r\n&#8211; Quand il est permis de transmettre cette information \u00e0 une instance l\u00e9galement comp\u00e9tente en vertu des dispositions l\u00e9gales concern\u00e9es (par ex. dans le cas d&#8217;une enqu\u00eate des pouvoirs publics).\r\n\r\n4.3. Les prestataires de services externes de Smartflash qui fournissent des services au nom de Smartflash et \u00e0 sa demande pour rendre possible ses prestations de services ne sont pas consid\u00e9r\u00e9s comme des tiers.\r\n\r\n&nbsp;\r\n<h2>2. SECURISATION DES DONNEES<\/h2>\r\n<h3>Article 5. S\u00e9curisation des donn\u00e9es<\/h3>\r\n&nbsp;\r\n\r\n5.1. Une s\u00e9curisation maximale des donn\u00e9es est recherch\u00e9e moyennant le recours aux mesures techniques et organisationnelles appropri\u00e9es. Il s&#8217;agit d&#8217;un engagement de moyens dans le chef de Smartflash.\r\n\r\nTous les renseignements saisis par l&#8217;utilisateur lors de l&#8217;inscription ou de la connexion \u00e0 Flashdate sont cod\u00e9s. Ce codage crypte la transmission de donn\u00e9es entre le navigateur web de l&#8217;utilisateur et le serveur web de Smartflash et emp\u00eache ainsi l&#8217;utilisation abusive de ces donn\u00e9es. La technique de codage utilis\u00e9e \u00e0 cette fin est le cryptage SSL.\r\n<h2>3. LES DROITS DE L&#8217;INTERESSE<\/h2>\r\n<h3>Article 6. Les droits de l&#8217;int\u00e9ress\u00e9<\/h3>\r\n&nbsp;\r\n\r\n6.1. Droit \u00e0 l&#8217;acc\u00e8s \u00e0 l&#8217;information\r\nSmartflash s&#8217;est efforc\u00e9 de pr\u00e9senter sa politique en termes clairs dans le pr\u00e9sent document. L&#8217;utilisateur a n\u00e9anmoins le droit, moyennant demande \u00e9crite, de r\u00e9qu\u00e9rir des renseignements compl\u00e9mentaires \u00e0 intervalles raisonnables sur les donn\u00e9es concernant sa personne qui sont stock\u00e9es chez Smartflash, sur leur origine, sur les fins auxquelles elles sont conserv\u00e9es et sur le destinataire auquel ces donn\u00e9es sont transmises.\r\n\r\n6.2. Droit d&#8217;opposition\r\nL&#8217;utilisateur garde le droit de retirer le consentement donn\u00e9 \u00e0 tout moment, int\u00e9gralement ou partiellement, ce qui peut conduire \u00e0 l&#8217;impossibilit\u00e9 de continuer \u00e0 faire usage des services de Smartflash.\r\nL&#8217;utilisateur\/trice a \u00e9galement le droit de s&#8217;opposer \u00e0 l&#8217;utilisation de ses donn\u00e9es \u00e0 des fins de marketing direct.\r\nPour ce faire, il suffit d&#8217;une demande \u00e9crite mentionnant: (1) les adresses e-mail communiqu\u00e9es \u00e0 Smartflash ou du nom d&#8217;utilisateur (2) le mot de passe.\r\n\r\n6.3. Droit \u00e0 la rectification\r\nL&#8217;utilisateur\/trice a le droit de corriger \u00e0 tout moment ses donn\u00e9es dans les param\u00e8tres de son profil.\r\n\r\n6.4. Droit \u00e0 la suppression\r\nL&#8217;utilisateur\/trice a le droit d&#8217;exiger \u00e0 tout moment la rectification ou la suppression de ses donn\u00e9es personnelles stock\u00e9es chez Smartflash.\r\nPour ce faire, il suffit d&#8217;une simple demande \u00e0 l&#8217;aide du lien \u2018supprimer mon profil&#8217; via le bouton donn\u00e9es du profil qui s&#8217;affiche apr\u00e8s la connexion \u00e0 flashdate.be;\r\nou\r\nune demande \u00e9crite mentionnant: (1) les adresses e-mail communiqu\u00e9es \u00e0 Smartflash ou le nom d&#8217;utilisateur (2) le mot de passe.\r\nLe droit \u00e0 la suppression de vos donn\u00e9es personnelles peut toutefois \u00eatre limit\u00e9 par des obligations l\u00e9gales de conservation incombant \u00e0 Smartflash.\r\n\r\n<\/div>\r\n[\/vc_column_text][\/vc_column][\/vc_row]<\/div>","protected":false},"excerpt":{"rendered":"[vc_row pix_particles_check=&#8221;&#8221;][vc_column][vc_column_text css=&#8221;&#8221;] Conditions de la vie priv\u00e9e (GDPR) &#8211; adapt\u00e9 le 19 mars 2018 La SPRL Smartflash (ci-apr\u00e8s Smartflash), responsable du traitement des donn\u00e9es, propose une plateforme d&#8217;activit\u00e9s pour c\u00e9libataires sur son site web www.flashdate.be, qui les assiste dans&#8230;","protected":false},"author":3,"featured_media":0,"parent":0,"menu_order":0,"comment_status":"closed","ping_status":"closed","template":"","meta":{"footnotes":""},"class_list":["post-8162","page","type-page","status-publish","hentry"],"yoast_head":"<!-- This site is optimized with the Yoast SEO plugin v27.2 - https:\/\/yoast.com\/product\/yoast-seo-wordpress\/ -->\n<title>Politique de confidentialit\u00e9 (RGPD): Protection de vos donn\u00e9es<\/title>\n<meta name=\"description\" content=\"D\u00e9couvrez comment Flashdate collecte, utilise et prot\u00e8ge vos donn\u00e9es personnelles conform\u00e9ment \u00e0 la r\u00e9glementation RGPD.\" \/>\n<meta name=\"robots\" content=\"index, follow, max-snippet:-1, max-image-preview:large, max-video-preview:-1\" \/>\n<link rel=\"canonical\" href=\"https:\/\/hoptodate.com\/fr\/politique-de-confidentialite\/\" \/>\n<meta property=\"og:locale\" content=\"fr_FR\" \/>\n<meta property=\"og:type\" content=\"article\" \/>\n<meta property=\"og:title\" content=\"Politique de confidentialit\u00e9 (RGPD): Protection de vos donn\u00e9es\" \/>\n<meta property=\"og:description\" content=\"D\u00e9couvrez comment Flashdate collecte, utilise et prot\u00e8ge vos donn\u00e9es personnelles conform\u00e9ment \u00e0 la r\u00e9glementation RGPD.\" \/>\n<meta property=\"og:url\" content=\"https:\/\/hoptodate.com\/fr\/politique-de-confidentialite\/\" \/>\n<meta property=\"og:site_name\" content=\"HopToDate\" \/>\n<meta property=\"article:modified_time\" content=\"2024-10-27T10:55:06+00:00\" \/>\n<meta name=\"twitter:card\" content=\"summary_large_image\" \/>\n<meta name=\"twitter:label1\" content=\"Dur\u00e9e de lecture estim\u00e9e\" \/>\n\t<meta name=\"twitter:data1\" content=\"8 minutes\" \/>\n<script type=\"application\/ld+json\" class=\"yoast-schema-graph\">{\"@context\":\"https:\/\/schema.org\",\"@graph\":[{\"@type\":\"WebPage\",\"@id\":\"https:\/\/hoptodate.com\/fr\/politique-de-confidentialite\/\",\"url\":\"https:\/\/hoptodate.com\/fr\/politique-de-confidentialite\/\",\"name\":\"Politique de confidentialit\u00e9 (RGPD): Protection de vos donn\u00e9es\",\"isPartOf\":{\"@id\":\"https:\/\/hoptodate.com\/fr\/#website\"},\"datePublished\":\"2024-06-20T15:31:17+00:00\",\"dateModified\":\"2024-10-27T10:55:06+00:00\",\"description\":\"D\u00e9couvrez comment Flashdate collecte, utilise et prot\u00e8ge vos donn\u00e9es personnelles conform\u00e9ment \u00e0 la r\u00e9glementation RGPD.\",\"breadcrumb\":{\"@id\":\"https:\/\/hoptodate.com\/fr\/politique-de-confidentialite\/#breadcrumb\"},\"inLanguage\":\"fr-fr\",\"potentialAction\":[{\"@type\":\"ReadAction\",\"target\":[\"https:\/\/hoptodate.com\/fr\/politique-de-confidentialite\/\"]}]},{\"@type\":\"BreadcrumbList\",\"@id\":\"https:\/\/hoptodate.com\/fr\/politique-de-confidentialite\/#breadcrumb\",\"itemListElement\":[{\"@type\":\"ListItem\",\"position\":1,\"name\":\"Home\",\"item\":\"https:\/\/hoptodate.com\/fr\/\"},{\"@type\":\"ListItem\",\"position\":2,\"name\":\"Politique de confidentialit\u00e9\"}]},{\"@type\":\"WebSite\",\"@id\":\"https:\/\/hoptodate.com\/fr\/#website\",\"url\":\"https:\/\/hoptodate.com\/fr\/\",\"name\":\"hoptodate\",\"description\":\"Speeddaten, barhoppen, datingsite-app, Singleborrels met HopToDate\",\"publisher\":{\"@id\":\"https:\/\/hoptodate.com\/fr\/#organization\"},\"potentialAction\":[{\"@type\":\"SearchAction\",\"target\":{\"@type\":\"EntryPoint\",\"urlTemplate\":\"https:\/\/hoptodate.com\/fr\/?s={search_term_string}\"},\"query-input\":{\"@type\":\"PropertyValueSpecification\",\"valueRequired\":true,\"valueName\":\"search_term_string\"}}],\"inLanguage\":\"fr-fr\"},{\"@type\":\"Organization\",\"@id\":\"https:\/\/hoptodate.com\/fr\/#organization\",\"name\":\"hoptodate\",\"url\":\"https:\/\/hoptodate.com\/fr\/\",\"logo\":{\"@type\":\"ImageObject\",\"inLanguage\":\"fr-fr\",\"@id\":\"https:\/\/hoptodate.com\/fr\/#\/schema\/logo\/image\/\",\"url\":\"https:\/\/hoptodate.com\/wp-content\/uploads\/2022\/09\/HTDlogo.png\",\"contentUrl\":\"https:\/\/hoptodate.com\/wp-content\/uploads\/2022\/09\/HTDlogo.png\",\"width\":1920,\"height\":500,\"caption\":\"hoptodate\"},\"image\":{\"@id\":\"https:\/\/hoptodate.com\/fr\/#\/schema\/logo\/image\/\"}}]}<\/script>\n<!-- \/ Yoast SEO plugin. -->","yoast_head_json":{"title":"Politique de confidentialit\u00e9 (RGPD): Protection de vos donn\u00e9es","description":"D\u00e9couvrez comment Flashdate collecte, utilise et prot\u00e8ge vos donn\u00e9es personnelles conform\u00e9ment \u00e0 la r\u00e9glementation RGPD.","robots":{"index":"index","follow":"follow","max-snippet":"max-snippet:-1","max-image-preview":"max-image-preview:large","max-video-preview":"max-video-preview:-1"},"canonical":"https:\/\/hoptodate.com\/fr\/politique-de-confidentialite\/","og_locale":"fr_FR","og_type":"article","og_title":"Politique de confidentialit\u00e9 (RGPD): Protection de vos donn\u00e9es","og_description":"D\u00e9couvrez comment Flashdate collecte, utilise et prot\u00e8ge vos donn\u00e9es personnelles conform\u00e9ment \u00e0 la r\u00e9glementation RGPD.","og_url":"https:\/\/hoptodate.com\/fr\/politique-de-confidentialite\/","og_site_name":"HopToDate","article_modified_time":"2024-10-27T10:55:06+00:00","twitter_card":"summary_large_image","twitter_misc":{"Dur\u00e9e de lecture estim\u00e9e":"8 minutes"},"schema":{"@context":"https:\/\/schema.org","@graph":[{"@type":"WebPage","@id":"https:\/\/hoptodate.com\/fr\/politique-de-confidentialite\/","url":"https:\/\/hoptodate.com\/fr\/politique-de-confidentialite\/","name":"Politique de confidentialit\u00e9 (RGPD): Protection de vos donn\u00e9es","isPartOf":{"@id":"https:\/\/hoptodate.com\/fr\/#website"},"datePublished":"2024-06-20T15:31:17+00:00","dateModified":"2024-10-27T10:55:06+00:00","description":"D\u00e9couvrez comment Flashdate collecte, utilise et prot\u00e8ge vos donn\u00e9es personnelles conform\u00e9ment \u00e0 la r\u00e9glementation RGPD.","breadcrumb":{"@id":"https:\/\/hoptodate.com\/fr\/politique-de-confidentialite\/#breadcrumb"},"inLanguage":"fr-fr","potentialAction":[{"@type":"ReadAction","target":["https:\/\/hoptodate.com\/fr\/politique-de-confidentialite\/"]}]},{"@type":"BreadcrumbList","@id":"https:\/\/hoptodate.com\/fr\/politique-de-confidentialite\/#breadcrumb","itemListElement":[{"@type":"ListItem","position":1,"name":"Home","item":"https:\/\/hoptodate.com\/fr\/"},{"@type":"ListItem","position":2,"name":"Politique de confidentialit\u00e9"}]},{"@type":"WebSite","@id":"https:\/\/hoptodate.com\/fr\/#website","url":"https:\/\/hoptodate.com\/fr\/","name":"hoptodate","description":"Speeddaten, barhoppen, datingsite-app, Singleborrels met HopToDate","publisher":{"@id":"https:\/\/hoptodate.com\/fr\/#organization"},"potentialAction":[{"@type":"SearchAction","target":{"@type":"EntryPoint","urlTemplate":"https:\/\/hoptodate.com\/fr\/?s={search_term_string}"},"query-input":{"@type":"PropertyValueSpecification","valueRequired":true,"valueName":"search_term_string"}}],"inLanguage":"fr-fr"},{"@type":"Organization","@id":"https:\/\/hoptodate.com\/fr\/#organization","name":"hoptodate","url":"https:\/\/hoptodate.com\/fr\/","logo":{"@type":"ImageObject","inLanguage":"fr-fr","@id":"https:\/\/hoptodate.com\/fr\/#\/schema\/logo\/image\/","url":"https:\/\/hoptodate.com\/wp-content\/uploads\/2022\/09\/HTDlogo.png","contentUrl":"https:\/\/hoptodate.com\/wp-content\/uploads\/2022\/09\/HTDlogo.png","width":1920,"height":500,"caption":"hoptodate"},"image":{"@id":"https:\/\/hoptodate.com\/fr\/#\/schema\/logo\/image\/"}}]}},"_links":{"self":[{"href":"https:\/\/hoptodate.com\/fr\/wp-json\/wp\/v2\/pages\/8162","targetHints":{"allow":["GET"]}}],"collection":[{"href":"https:\/\/hoptodate.com\/fr\/wp-json\/wp\/v2\/pages"}],"about":[{"href":"https:\/\/hoptodate.com\/fr\/wp-json\/wp\/v2\/types\/page"}],"author":[{"embeddable":true,"href":"https:\/\/hoptodate.com\/fr\/wp-json\/wp\/v2\/users\/3"}],"replies":[{"embeddable":true,"href":"https:\/\/hoptodate.com\/fr\/wp-json\/wp\/v2\/comments?post=8162"}],"version-history":[{"count":2,"href":"https:\/\/hoptodate.com\/fr\/wp-json\/wp\/v2\/pages\/8162\/revisions"}],"predecessor-version":[{"id":8180,"href":"https:\/\/hoptodate.com\/fr\/wp-json\/wp\/v2\/pages\/8162\/revisions\/8180"}],"wp:attachment":[{"href":"https:\/\/hoptodate.com\/fr\/wp-json\/wp\/v2\/media?parent=8162"}],"curies":[{"name":"wp","href":"https:\/\/api.w.org\/{rel}","templated":true}]}}